{"id":6327,"date":"2024-02-19T08:46:08","date_gmt":"2024-02-19T08:46:08","guid":{"rendered":"https:\/\/revitaeu.com\/maticna-mlijec\/"},"modified":"2025-01-24T07:35:27","modified_gmt":"2025-01-24T07:35:27","slug":"bienenkoniginnenfuttersaft","status":"publish","type":"page","link":"https:\/\/revitaeu.com\/de\/bienenkoniginnenfuttersaft\/","title":{"rendered":"BIENENK\u00d6NIGINNENFUTTERSAFT"},"content":{"rendered":"\t\t<div data-elementor-type=\"wp-page\" data-elementor-id=\"6327\" class=\"elementor elementor-6327 elementor-24\" wpc-filter-elementor-widget=\"1\" data-elementor-post-type=\"page\">\n\t\t\t\t<div class=\"elementor-element elementor-element-a609783 e-con-full maticniHoney elementor-hidden-desktop elementor-hidden-tablet elementor-hidden-mobile e-flex e-con e-parent\" data-id=\"a609783\" data-element_type=\"container\" data-e-type=\"container\">\n\t\t\t\t<div class=\"elementor-element elementor-element-19ded74 elementor-widget elementor-widget-image\" data-id=\"19ded74\" data-element_type=\"widget\" data-e-type=\"widget\" data-widget_type=\"image.default\">\n\t\t\t\t<div class=\"elementor-widget-container\">\n\t\t\t\t\t\t\t\t\t\t\t\t\t\t\t<img fetchpriority=\"high\" decoding=\"async\" width=\"1428\" height=\"824\" src=\"https:\/\/revitaeu.com\/wp-content\/uploads\/2024\/05\/Rectangle-35-min.png\" class=\"attachment-full size-full wp-image-5259\" alt=\"\" srcset=\"https:\/\/revitaeu.com\/wp-content\/uploads\/2024\/05\/Rectangle-35-min.png 1428w, https:\/\/revitaeu.com\/wp-content\/uploads\/2024\/05\/Rectangle-35-min-300x173.png 300w, https:\/\/revitaeu.com\/wp-content\/uploads\/2024\/05\/Rectangle-35-min-1024x591.png 1024w, https:\/\/revitaeu.com\/wp-content\/uploads\/2024\/05\/Rectangle-35-min-768x443.png 768w, https:\/\/revitaeu.com\/wp-content\/uploads\/2024\/05\/Rectangle-35-min-600x346.png 600w\" sizes=\"(max-width: 1428px) 100vw, 1428px\" \/>\t\t\t\t\t\t\t\t\t\t\t\t\t\t\t<\/div>\n\t\t\t\t<\/div>\n\t\t\t\t<\/div>\n\t\t<div class=\"elementor-element elementor-element-ee45b0f e-con-full globalContainer e-flex e-con e-parent\" data-id=\"ee45b0f\" data-element_type=\"container\" data-e-type=\"container\" id=\"maticniBaner\">\n\t\t\t\t<div class=\"elementor-element elementor-element-8e87684 maticniHoney elementor-widget elementor-widget-image\" data-id=\"8e87684\" data-element_type=\"widget\" data-e-type=\"widget\" data-widget_type=\"image.default\">\n\t\t\t\t<div class=\"elementor-widget-container\">\n\t\t\t\t\t\t\t\t\t\t\t\t\t\t\t<img decoding=\"async\" width=\"1920\" height=\"866\" src=\"https:\/\/revitaeu.com\/wp-content\/uploads\/2024\/05\/Rectangle-35-min-1.png\" class=\"attachment-full size-full wp-image-5265\" alt=\"\" srcset=\"https:\/\/revitaeu.com\/wp-content\/uploads\/2024\/05\/Rectangle-35-min-1.png 1920w, https:\/\/revitaeu.com\/wp-content\/uploads\/2024\/05\/Rectangle-35-min-1-300x135.png 300w, https:\/\/revitaeu.com\/wp-content\/uploads\/2024\/05\/Rectangle-35-min-1-1024x462.png 1024w, https:\/\/revitaeu.com\/wp-content\/uploads\/2024\/05\/Rectangle-35-min-1-768x346.png 768w, https:\/\/revitaeu.com\/wp-content\/uploads\/2024\/05\/Rectangle-35-min-1-1536x693.png 1536w, https:\/\/revitaeu.com\/wp-content\/uploads\/2024\/05\/Rectangle-35-min-1-600x271.png 600w\" sizes=\"(max-width: 1920px) 100vw, 1920px\" \/>\t\t\t\t\t\t\t\t\t\t\t\t\t\t\t<\/div>\n\t\t\t\t<\/div>\n\t\t<div class=\"elementor-element elementor-element-aefb31d e-con-full e-flex e-con e-child\" data-id=\"aefb31d\" data-element_type=\"container\" data-e-type=\"container\">\n\t\t<div class=\"elementor-element elementor-element-110512a e-con-full e-flex e-con e-child\" data-id=\"110512a\" data-element_type=\"container\" data-e-type=\"container\">\n\t\t\t\t<div class=\"elementor-element elementor-element-016a67d elementor-widget elementor-widget-heading\" data-id=\"016a67d\" data-element_type=\"widget\" data-e-type=\"widget\" data-widget_type=\"heading.default\">\n\t\t\t\t<div class=\"elementor-widget-container\">\n\t\t\t\t\t<h2 class=\"elementor-heading-title elementor-size-default\">MAGIE DES BIENENK\u00d6NIGINNENFUTTERSAFTS<\/h2>\t\t\t\t<\/div>\n\t\t\t\t<\/div>\n\t\t\t\t<div class=\"elementor-element elementor-element-8c69eb0 elementor-widget__width-inherit elementor-widget elementor-widget-text-editor\" data-id=\"8c69eb0\" data-element_type=\"widget\" data-e-type=\"widget\" data-widget_type=\"text-editor.default\">\n\t\t\t\t<div class=\"elementor-widget-container\">\n\t\t\t\t\t\t\t\t\t<p>Von alters her benutzt der Mensch Bienenprodukte zu verschiedenen Zwecken, aber eine besondere Bedeutung haben diese Natursch\u00e4tze f\u00fcr die Pr\u00e4vention und Erhaltung der Gesundheit, Vitalit\u00e4t und Langlebigkeit des menschlichen Organismus. Bienenk\u00f6niginnenfuttersaft ist ein nat\u00fcrliches Bienenprodukt, eines der sechs, nebst Honig, Propolis, Polen, Wachs und Bienengift. Es enth\u00e4lt mehrere Verbindungen, sehr wichtig f\u00fcr die regelrechte Funktionsweise des menschlichen Organismus und stellt die nat\u00fcrliche St\u00fctze f\u00fcr die Immunit\u00e4t dar. In diesem einzigartigen nat\u00fcrlichen Produkt befindet sich: Mischung von Aminos\u00e4uren, Vitaminen (besonders B Komplex), Lipiden, Fetts\u00e4uren, Kohlenhydraten, Enzymen, Mineralstoffen.<\/p>\t\t\t\t\t\t\t\t<\/div>\n\t\t\t\t<\/div>\n\t\t\t\t<\/div>\n\t\t<div class=\"elementor-element elementor-element-f81a4e5 e-con-full elementor-hidden-tablet elementor-hidden-mobile e-flex e-con e-child\" data-id=\"f81a4e5\" data-element_type=\"container\" data-e-type=\"container\">\n\t\t\t\t<div class=\"elementor-element elementor-element-8dad089 elementor-widget elementor-widget-image\" data-id=\"8dad089\" data-element_type=\"widget\" data-e-type=\"widget\" data-widget_type=\"image.default\">\n\t\t\t\t<div class=\"elementor-widget-container\">\n\t\t\t\t\t\t\t\t\t\t\t\t\t\t\t<img decoding=\"async\" width=\"199\" height=\"190\" src=\"https:\/\/revitaeu.com\/wp-content\/uploads\/2024\/05\/Layer_1-1.png\" class=\"attachment-large size-large wp-image-5253\" alt=\"\" \/>\t\t\t\t\t\t\t\t\t\t\t\t\t\t\t<\/div>\n\t\t\t\t<\/div>\n\t\t\t\t<\/div>\n\t\t\t\t<\/div>\n\t\t\t\t<\/div>\n\t\t<div class=\"elementor-element elementor-element-b6ca754 e-con-full globalContainer elementor-hidden-mobile e-flex e-con e-parent\" data-id=\"b6ca754\" data-element_type=\"container\" data-e-type=\"container\">\n\t\t\t\t<div class=\"elementor-element elementor-element-9981eec elementor-widget elementor-widget-image\" data-id=\"9981eec\" data-element_type=\"widget\" data-e-type=\"widget\" data-widget_type=\"image.default\">\n\t\t\t\t<div class=\"elementor-widget-container\">\n\t\t\t\t\t\t\t\t\t\t\t\t\t\t\t<img loading=\"lazy\" decoding=\"async\" width=\"2719\" height=\"1796\" src=\"https:\/\/revitaeu.com\/wp-content\/uploads\/2024\/12\/Revita-EU-de-29.png\" class=\"attachment-full size-full wp-image-6757\" alt=\"\" srcset=\"https:\/\/revitaeu.com\/wp-content\/uploads\/2024\/12\/Revita-EU-de-29.png 2719w, https:\/\/revitaeu.com\/wp-content\/uploads\/2024\/12\/Revita-EU-de-29-300x198.png 300w, https:\/\/revitaeu.com\/wp-content\/uploads\/2024\/12\/Revita-EU-de-29-1024x676.png 1024w, https:\/\/revitaeu.com\/wp-content\/uploads\/2024\/12\/Revita-EU-de-29-768x507.png 768w, https:\/\/revitaeu.com\/wp-content\/uploads\/2024\/12\/Revita-EU-de-29-1536x1015.png 1536w, https:\/\/revitaeu.com\/wp-content\/uploads\/2024\/12\/Revita-EU-de-29-2048x1353.png 2048w, https:\/\/revitaeu.com\/wp-content\/uploads\/2024\/12\/Revita-EU-de-29-600x396.png 600w\" sizes=\"(max-width: 2719px) 100vw, 2719px\" \/>\t\t\t\t\t\t\t\t\t\t\t\t\t\t\t<\/div>\n\t\t\t\t<\/div>\n\t\t\t\t<\/div>\n\t\t<div class=\"elementor-element elementor-element-ffae89c e-con-full globalContainer elementor-hidden-desktop elementor-hidden-tablet e-flex e-con e-parent\" data-id=\"ffae89c\" data-element_type=\"container\" data-e-type=\"container\">\n\t\t\t\t<div class=\"elementor-element elementor-element-696147e elementor-widget elementor-widget-image\" data-id=\"696147e\" data-element_type=\"widget\" data-e-type=\"widget\" data-widget_type=\"image.default\">\n\t\t\t\t<div class=\"elementor-widget-container\">\n\t\t\t\t\t\t\t\t\t\t\t\t\t\t\t<img loading=\"lazy\" decoding=\"async\" width=\"1172\" height=\"1289\" src=\"https:\/\/revitaeu.com\/wp-content\/uploads\/2024\/12\/Revita-EU-de-MaticniMlecMOB.png\" class=\"attachment-full size-full wp-image-6761\" alt=\"\" srcset=\"https:\/\/revitaeu.com\/wp-content\/uploads\/2024\/12\/Revita-EU-de-MaticniMlecMOB.png 1172w, https:\/\/revitaeu.com\/wp-content\/uploads\/2024\/12\/Revita-EU-de-MaticniMlecMOB-273x300.png 273w, https:\/\/revitaeu.com\/wp-content\/uploads\/2024\/12\/Revita-EU-de-MaticniMlecMOB-931x1024.png 931w, https:\/\/revitaeu.com\/wp-content\/uploads\/2024\/12\/Revita-EU-de-MaticniMlecMOB-768x845.png 768w, https:\/\/revitaeu.com\/wp-content\/uploads\/2024\/12\/Revita-EU-de-MaticniMlecMOB-600x660.png 600w\" sizes=\"(max-width: 1172px) 100vw, 1172px\" \/>\t\t\t\t\t\t\t\t\t\t\t\t\t\t\t<\/div>\n\t\t\t\t<\/div>\n\t\t\t\t<\/div>\n\t\t<div class=\"elementor-element elementor-element-07c12ff e-flex e-con-boxed e-con e-parent\" data-id=\"07c12ff\" data-element_type=\"container\" data-e-type=\"container\">\n\t\t\t\t\t<div class=\"e-con-inner\">\n\t\t\t\t<div class=\"elementor-element elementor-element-8a71e02 elementor-widget elementor-widget-heading\" data-id=\"8a71e02\" data-element_type=\"widget\" data-e-type=\"widget\" data-settings=\"{&quot;_animation&quot;:&quot;none&quot;}\" data-widget_type=\"heading.default\">\n\t\t\t\t<div class=\"elementor-widget-container\">\n\t\t\t\t\t<h2 class=\"elementor-heading-title elementor-size-default\"><span style=\"color: #FCC627\">BIENENK\u00d6NIGINNENFUTTERSAFT<\/span> - Supernahrung <\/h2>\t\t\t\t<\/div>\n\t\t\t\t<\/div>\n\t\t\t\t\t<\/div>\n\t\t\t\t<\/div>\n\t\t<div class=\"elementor-element elementor-element-0293c64 e-flex e-con-boxed e-con e-parent\" data-id=\"0293c64\" data-element_type=\"container\" data-e-type=\"container\" data-settings=\"{&quot;animation&quot;:&quot;none&quot;}\">\n\t\t\t\t\t<div class=\"e-con-inner\">\n\t\t<div class=\"elementor-element elementor-element-d4bde6b e-con-full e-flex e-con e-child\" data-id=\"d4bde6b\" data-element_type=\"container\" data-e-type=\"container\">\n\t\t\t\t<div class=\"elementor-element elementor-element-e9221f1 elementor-widget__width-initial elementor-widget-tablet__width-inherit elementor-widget elementor-widget-text-editor\" data-id=\"e9221f1\" data-element_type=\"widget\" data-e-type=\"widget\" data-widget_type=\"text-editor.default\">\n\t\t\t\t<div class=\"elementor-widget-container\">\n\t\t\t\t\t\t\t\t\t<p>Bienenk\u00f6niginnenfuttersaft ist eine der ges\u00fcndesten Lebensmittel nat\u00fcrlicher Herkunft auf der Welt und es ist nicht m\u00f6glich ihn auf k\u00fcnstliche Weise herzustellen. Sie werden von jungen Arbeitsbienen aus Bl\u00fctennektar und dem anderen gesammelten Material aus der Natur hergestellt und dient zur Ern\u00e4hrung der Weisel und Bienenlarven.\u00a0<\/p><p>\u00a0<\/p><p>Aller Larven im Bienenkorb ern\u00e4hren sich in den ersten drei Tagen mit Bienenk\u00f6niginnenfuttersaft, so dass der Bienenk\u00f6niginnenfuttersaft Pendent zu Muttermilch in der Welt der S\u00e4ugetiere sind. Nach diesem Zeitraum setzt nur eine Larve fort sich ausschlie\u00dflich mit Bienenk\u00f6niginnenfuttersaft zu ern\u00e4hren und aus dieser Larve wird die Weisel ausgebr\u00fctet, die K\u00f6nigen aller Bienen ist. Nach ihr hat der Bienenk\u00f6niginnenfuttersaft den Namen bekommen.\u00a0<\/p><p>\u00a0<\/p><p>Der Bienenk\u00f6niginnenfuttersaft ist die einzige Nahrung, die die Weisel im Laufe des gesamten Lebens konsumiert und man glaubt, dass sie dank ihm auch bis zu f\u00fcnfzig Mal l\u00e4nger als die durchschnittliche Arbeitsbiene lebt (meistens 5-6 Jahre), indem er die ganze Zeit die Funktionsweise und den Fortbestand des Bienenkorbs gew\u00e4hrt. Au\u00dferdem ist die Weisel zwei bis drei Mal schwerer als andere Bienen und stellt das produktivste Wesen auf dem Planeten: sie ist in der Lage auch bis zu 3.000 Eier am Tag auszubr\u00fcten.<\/p>\t\t\t\t\t\t\t\t<\/div>\n\t\t\t\t<\/div>\n\t\t\t\t<div class=\"elementor-element elementor-element-7b423fb elementor-widget__width-initial elementor-widget-tablet__width-inherit elementor-widget elementor-widget-text-editor\" data-id=\"7b423fb\" data-element_type=\"widget\" data-e-type=\"widget\" data-widget_type=\"text-editor.default\">\n\t\t\t\t<div class=\"elementor-widget-container\">\n\t\t\t\t\t\t\t\t\t<p>Lange her konnten sich nur die Reichsten Bienenk\u00f6niginnenfuttersaft leisten (daher wundert es nicht, dass es in englischer Sprache Royal Jelly hei\u00dft). Sie haben den Bienenk\u00f6niginnenfuttersaft sofort nach Herausnahme aus dem Bienenkorb verwendet, weil diese hochwertige, aber zerbrechliche Substanz ihre Eigenschaften bereits nach einigen Tagen verlor.\u00a0<\/p><p>\u00a0<\/p><p>Die Menschen versuchten lange die Eigenschaften des Bienenk\u00f6niginnenfuttersafts aufrechtzuerhalten, damit sie die volle Wirkung der z\u00e4hligen bioaktiven Stoffe erm\u00f6glichen. Und das hat der Prozess der Lyophilisierung endlich erm\u00f6glicht. Auf diese Weise wird dem Bienenk\u00f6niginnenfuttersaft die Bioaktivit\u00e4t von ca. 48 Stunden auf zwei volle Jahre verl\u00e4ngert!\u00a0<\/p><p>\u00a0<\/p><p>Was im Laufe dieses Verfahrens passiert: der Bienenk\u00f6niginnenfuttersaft wird an extrem niedrigen Temperaturen vereist, an denen verliert er nichts von seinen Eigenschaften, das Wasser aus ihm beginnt zu verdampfen und auf diese Weise wird vom wei\u00dfen Stoff das Pulver, etwas dichter als Milch erhalten-lyophilisierter Bienenk\u00f6niginnenfuttersaft, der die Basis aller Revita Produkte ist.<\/p>\t\t\t\t\t\t\t\t<\/div>\n\t\t\t\t<\/div>\n\t\t\t\t<\/div>\n\t\t\t\t\t<\/div>\n\t\t\t\t<\/div>\n\t\t<div class=\"elementor-element elementor-element-90fa759 e-flex e-con-boxed e-con e-parent\" data-id=\"90fa759\" data-element_type=\"container\" data-e-type=\"container\">\n\t\t\t\t\t<div class=\"e-con-inner\">\n\t\t\t\t<div class=\"elementor-element elementor-element-1e58712 elementor-widget elementor-widget-button\" data-id=\"1e58712\" data-element_type=\"widget\" data-e-type=\"widget\" data-widget_type=\"button.default\">\n\t\t\t\t<div class=\"elementor-widget-container\">\n\t\t\t\t\t\t\t\t\t<div class=\"elementor-button-wrapper\">\n\t\t\t\t\t<a class=\"elementor-button elementor-button-link elementor-size-sm\" href=\"https:\/\/revitaeu.com\/de\/shop\/\">\n\t\t\t\t\t\t<span class=\"elementor-button-content-wrapper\">\n\t\t\t\t\t\t<span class=\"elementor-button-icon\">\n\t\t\t\t<svg aria-hidden=\"true\" class=\"e-font-icon-svg e-fas-arrow-right\" viewBox=\"0 0 448 512\" xmlns=\"http:\/\/www.w3.org\/2000\/svg\"><path d=\"M190.5 66.9l22.2-22.2c9.4-9.4 24.6-9.4 33.9 0L441 239c9.4 9.4 9.4 24.6 0 33.9L246.6 467.3c-9.4 9.4-24.6 9.4-33.9 0l-22.2-22.2c-9.5-9.5-9.3-25 .4-34.3L311.4 296H24c-13.3 0-24-10.7-24-24v-32c0-13.3 10.7-24 24-24h287.4L190.9 101.2c-9.8-9.3-10-24.8-.4-34.3z\"><\/path><\/svg>\t\t\t<\/span>\n\t\t\t\t\t\t\t\t\t<span class=\"elementor-button-text\">SEHE SIE SICH DAS GESAMTE ANGEBOT AN<\/span>\n\t\t\t\t\t<\/span>\n\t\t\t\t\t<\/a>\n\t\t\t\t<\/div>\n\t\t\t\t\t\t\t\t<\/div>\n\t\t\t\t<\/div>\n\t\t\t\t\t<\/div>\n\t\t\t\t<\/div>\n\t\t\t\t<\/div>\n\t\t","protected":false},"excerpt":{"rendered":"<p>MAGIE DES BIENENK\u00d6NIGINNENFUTTERSAFTS Von alters her benutzt der Mensch Bienenprodukte zu verschiedenen Zwecken, aber eine besondere Bedeutung haben diese Natursch\u00e4tze f\u00fcr die Pr\u00e4vention und Erhaltung der Gesundheit, Vitalit\u00e4t und Langlebigkeit des menschlichen Organismus. Bienenk\u00f6niginnenfuttersaft ist ein nat\u00fcrliches Bienenprodukt, eines der sechs, nebst Honig, Propolis, Polen, Wachs und Bienengift. Es enth\u00e4lt mehrere Verbindungen, sehr wichtig f\u00fcr [&hellip;]<\/p>\n","protected":false},"author":1,"featured_media":0,"parent":0,"menu_order":0,"comment_status":"closed","ping_status":"closed","template":"elementor_header_footer","meta":{"_acf_changed":false,"footnotes":""},"class_list":["post-6327","page","type-page","status-publish","hentry"],"acf":[],"yoast_head":"<!-- This site is optimized with the Yoast SEO plugin v27.4 - https:\/\/yoast.com\/product\/yoast-seo-wordpress\/ -->\n<title>BIENENK\u00d6NIGINNENFUTTERSAFT \u2013 nat\u00fcrliches Lebensmittel f\u00fcr eine starke Immunit\u00e4t<\/title>\n<meta name=\"description\" content=\"Bienenk\u00f6niginnenfuttersaft ist das einzige Nahrungsmittel der Welt, das nicht k\u00fcnstlich hergestellt werden kann. Es st\u00e4rkt das Immunsystem, erh\u00f6ht die Widerstandskraft gegen Infektionen und sch\u00fctzt Herz und Gef\u00e4\u00dfe.\" \/>\n<meta name=\"robots\" content=\"index, follow, max-snippet:-1, max-image-preview:large, max-video-preview:-1\" \/>\n<link rel=\"canonical\" href=\"https:\/\/revitaeu.com\/de\/bienenkoniginnenfuttersaft\/\" \/>\n<meta property=\"og:locale\" content=\"de_DE\" \/>\n<meta property=\"og:type\" content=\"article\" \/>\n<meta property=\"og:title\" content=\"BIENENK\u00d6NIGINNENFUTTERSAFT \u2013 nat\u00fcrliches Lebensmittel f\u00fcr eine starke Immunit\u00e4t\" \/>\n<meta property=\"og:description\" content=\"Bienenk\u00f6niginnenfuttersaft ist das einzige Nahrungsmittel der Welt, das nicht k\u00fcnstlich hergestellt werden kann. Es st\u00e4rkt das Immunsystem, erh\u00f6ht die Widerstandskraft gegen Infektionen und sch\u00fctzt Herz und Gef\u00e4\u00dfe.\" \/>\n<meta property=\"og:url\" content=\"https:\/\/revitaeu.com\/de\/bienenkoniginnenfuttersaft\/\" \/>\n<meta property=\"og:site_name\" content=\"Revita\" \/>\n<meta property=\"article:modified_time\" content=\"2025-01-24T07:35:27+00:00\" \/>\n<meta property=\"og:image\" content=\"https:\/\/revitaeu.com\/wp-content\/uploads\/2024\/05\/Rectangle-35-min.png\" \/>\n\t<meta property=\"og:image:width\" content=\"1428\" \/>\n\t<meta property=\"og:image:height\" content=\"824\" \/>\n\t<meta property=\"og:image:type\" content=\"image\/png\" \/>\n<meta name=\"twitter:card\" content=\"summary_large_image\" \/>\n<meta name=\"twitter:label1\" content=\"Gesch\u00e4tzte Lesezeit\" \/>\n\t<meta name=\"twitter:data1\" content=\"4\u00a0Minuten\" \/>\n<script type=\"application\/ld+json\" class=\"yoast-schema-graph\">{\"@context\":\"https:\\\/\\\/schema.org\",\"@graph\":[{\"@type\":\"WebPage\",\"@id\":\"https:\\\/\\\/revitaeu.com\\\/de\\\/bienenkoniginnenfuttersaft\\\/\",\"url\":\"https:\\\/\\\/revitaeu.com\\\/de\\\/bienenkoniginnenfuttersaft\\\/\",\"name\":\"BIENENK\u00d6NIGINNENFUTTERSAFT \u2013 nat\u00fcrliches Lebensmittel f\u00fcr eine starke Immunit\u00e4t\",\"isPartOf\":{\"@id\":\"https:\\\/\\\/revitaeu.com\\\/de\\\/#website\"},\"primaryImageOfPage\":{\"@id\":\"https:\\\/\\\/revitaeu.com\\\/de\\\/bienenkoniginnenfuttersaft\\\/#primaryimage\"},\"image\":{\"@id\":\"https:\\\/\\\/revitaeu.com\\\/de\\\/bienenkoniginnenfuttersaft\\\/#primaryimage\"},\"thumbnailUrl\":\"https:\\\/\\\/revitaeu.com\\\/wp-content\\\/uploads\\\/2024\\\/05\\\/Rectangle-35-min.png\",\"datePublished\":\"2024-02-19T08:46:08+00:00\",\"dateModified\":\"2025-01-24T07:35:27+00:00\",\"description\":\"Bienenk\u00f6niginnenfuttersaft ist das einzige Nahrungsmittel der Welt, das nicht k\u00fcnstlich hergestellt werden kann. Es st\u00e4rkt das Immunsystem, erh\u00f6ht die Widerstandskraft gegen Infektionen und sch\u00fctzt Herz und Gef\u00e4\u00dfe.\",\"breadcrumb\":{\"@id\":\"https:\\\/\\\/revitaeu.com\\\/de\\\/bienenkoniginnenfuttersaft\\\/#breadcrumb\"},\"inLanguage\":\"de\",\"potentialAction\":[{\"@type\":\"ReadAction\",\"target\":[\"https:\\\/\\\/revitaeu.com\\\/de\\\/bienenkoniginnenfuttersaft\\\/\"]}]},{\"@type\":\"ImageObject\",\"inLanguage\":\"de\",\"@id\":\"https:\\\/\\\/revitaeu.com\\\/de\\\/bienenkoniginnenfuttersaft\\\/#primaryimage\",\"url\":\"https:\\\/\\\/revitaeu.com\\\/wp-content\\\/uploads\\\/2024\\\/05\\\/Rectangle-35-min.png\",\"contentUrl\":\"https:\\\/\\\/revitaeu.com\\\/wp-content\\\/uploads\\\/2024\\\/05\\\/Rectangle-35-min.png\"},{\"@type\":\"BreadcrumbList\",\"@id\":\"https:\\\/\\\/revitaeu.com\\\/de\\\/bienenkoniginnenfuttersaft\\\/#breadcrumb\",\"itemListElement\":[{\"@type\":\"ListItem\",\"position\":1,\"name\":\"Home\",\"item\":\"https:\\\/\\\/revitaeu.com\\\/de\\\/\"},{\"@type\":\"ListItem\",\"position\":2,\"name\":\"BIENENK\u00d6NIGINNENFUTTERSAFT\"}]},{\"@type\":\"WebSite\",\"@id\":\"https:\\\/\\\/revitaeu.com\\\/de\\\/#website\",\"url\":\"https:\\\/\\\/revitaeu.com\\\/de\\\/\",\"name\":\"Revita\",\"description\":\"\",\"potentialAction\":[{\"@type\":\"SearchAction\",\"target\":{\"@type\":\"EntryPoint\",\"urlTemplate\":\"https:\\\/\\\/revitaeu.com\\\/de\\\/?s={search_term_string}\"},\"query-input\":{\"@type\":\"PropertyValueSpecification\",\"valueRequired\":true,\"valueName\":\"search_term_string\"}}],\"inLanguage\":\"de\"}]}<\/script>\n<!-- \/ Yoast SEO plugin. -->","yoast_head_json":{"title":"BIENENK\u00d6NIGINNENFUTTERSAFT \u2013 nat\u00fcrliches Lebensmittel f\u00fcr eine starke Immunit\u00e4t","description":"Bienenk\u00f6niginnenfuttersaft ist das einzige Nahrungsmittel der Welt, das nicht k\u00fcnstlich hergestellt werden kann. Es st\u00e4rkt das Immunsystem, erh\u00f6ht die Widerstandskraft gegen Infektionen und sch\u00fctzt Herz und Gef\u00e4\u00dfe.","robots":{"index":"index","follow":"follow","max-snippet":"max-snippet:-1","max-image-preview":"max-image-preview:large","max-video-preview":"max-video-preview:-1"},"canonical":"https:\/\/revitaeu.com\/de\/bienenkoniginnenfuttersaft\/","og_locale":"de_DE","og_type":"article","og_title":"BIENENK\u00d6NIGINNENFUTTERSAFT \u2013 nat\u00fcrliches Lebensmittel f\u00fcr eine starke Immunit\u00e4t","og_description":"Bienenk\u00f6niginnenfuttersaft ist das einzige Nahrungsmittel der Welt, das nicht k\u00fcnstlich hergestellt werden kann. Es st\u00e4rkt das Immunsystem, erh\u00f6ht die Widerstandskraft gegen Infektionen und sch\u00fctzt Herz und Gef\u00e4\u00dfe.","og_url":"https:\/\/revitaeu.com\/de\/bienenkoniginnenfuttersaft\/","og_site_name":"Revita","article_modified_time":"2025-01-24T07:35:27+00:00","og_image":[{"width":1428,"height":824,"url":"https:\/\/revitaeu.com\/wp-content\/uploads\/2024\/05\/Rectangle-35-min.png","type":"image\/png"}],"twitter_card":"summary_large_image","twitter_misc":{"Gesch\u00e4tzte Lesezeit":"4\u00a0Minuten"},"schema":{"@context":"https:\/\/schema.org","@graph":[{"@type":"WebPage","@id":"https:\/\/revitaeu.com\/de\/bienenkoniginnenfuttersaft\/","url":"https:\/\/revitaeu.com\/de\/bienenkoniginnenfuttersaft\/","name":"BIENENK\u00d6NIGINNENFUTTERSAFT \u2013 nat\u00fcrliches Lebensmittel f\u00fcr eine starke Immunit\u00e4t","isPartOf":{"@id":"https:\/\/revitaeu.com\/de\/#website"},"primaryImageOfPage":{"@id":"https:\/\/revitaeu.com\/de\/bienenkoniginnenfuttersaft\/#primaryimage"},"image":{"@id":"https:\/\/revitaeu.com\/de\/bienenkoniginnenfuttersaft\/#primaryimage"},"thumbnailUrl":"https:\/\/revitaeu.com\/wp-content\/uploads\/2024\/05\/Rectangle-35-min.png","datePublished":"2024-02-19T08:46:08+00:00","dateModified":"2025-01-24T07:35:27+00:00","description":"Bienenk\u00f6niginnenfuttersaft ist das einzige Nahrungsmittel der Welt, das nicht k\u00fcnstlich hergestellt werden kann. Es st\u00e4rkt das Immunsystem, erh\u00f6ht die Widerstandskraft gegen Infektionen und sch\u00fctzt Herz und Gef\u00e4\u00dfe.","breadcrumb":{"@id":"https:\/\/revitaeu.com\/de\/bienenkoniginnenfuttersaft\/#breadcrumb"},"inLanguage":"de","potentialAction":[{"@type":"ReadAction","target":["https:\/\/revitaeu.com\/de\/bienenkoniginnenfuttersaft\/"]}]},{"@type":"ImageObject","inLanguage":"de","@id":"https:\/\/revitaeu.com\/de\/bienenkoniginnenfuttersaft\/#primaryimage","url":"https:\/\/revitaeu.com\/wp-content\/uploads\/2024\/05\/Rectangle-35-min.png","contentUrl":"https:\/\/revitaeu.com\/wp-content\/uploads\/2024\/05\/Rectangle-35-min.png"},{"@type":"BreadcrumbList","@id":"https:\/\/revitaeu.com\/de\/bienenkoniginnenfuttersaft\/#breadcrumb","itemListElement":[{"@type":"ListItem","position":1,"name":"Home","item":"https:\/\/revitaeu.com\/de\/"},{"@type":"ListItem","position":2,"name":"BIENENK\u00d6NIGINNENFUTTERSAFT"}]},{"@type":"WebSite","@id":"https:\/\/revitaeu.com\/de\/#website","url":"https:\/\/revitaeu.com\/de\/","name":"Revita","description":"","potentialAction":[{"@type":"SearchAction","target":{"@type":"EntryPoint","urlTemplate":"https:\/\/revitaeu.com\/de\/?s={search_term_string}"},"query-input":{"@type":"PropertyValueSpecification","valueRequired":true,"valueName":"search_term_string"}}],"inLanguage":"de"}]}},"_links":{"self":[{"href":"https:\/\/revitaeu.com\/de\/wp-json\/wp\/v2\/pages\/6327","targetHints":{"allow":["GET"]}}],"collection":[{"href":"https:\/\/revitaeu.com\/de\/wp-json\/wp\/v2\/pages"}],"about":[{"href":"https:\/\/revitaeu.com\/de\/wp-json\/wp\/v2\/types\/page"}],"author":[{"embeddable":true,"href":"https:\/\/revitaeu.com\/de\/wp-json\/wp\/v2\/users\/1"}],"replies":[{"embeddable":true,"href":"https:\/\/revitaeu.com\/de\/wp-json\/wp\/v2\/comments?post=6327"}],"version-history":[{"count":14,"href":"https:\/\/revitaeu.com\/de\/wp-json\/wp\/v2\/pages\/6327\/revisions"}],"predecessor-version":[{"id":8258,"href":"https:\/\/revitaeu.com\/de\/wp-json\/wp\/v2\/pages\/6327\/revisions\/8258"}],"wp:attachment":[{"href":"https:\/\/revitaeu.com\/de\/wp-json\/wp\/v2\/media?parent=6327"}],"curies":[{"name":"wp","href":"https:\/\/api.w.org\/{rel}","templated":true}]}}