{"id":4461,"date":"2024-12-25T11:46:58","date_gmt":"2024-12-25T11:46:58","guid":{"rendered":"https:\/\/revitaeu.com\/?post_type=product&#038;p=4461"},"modified":"2026-04-14T10:54:20","modified_gmt":"2026-04-14T10:54:20","slug":"revita-fe-forest-berries-1kg","status":"publish","type":"product","link":"https:\/\/revitaeu.com\/de\/proizvod\/revita-fe-forest-berries-1kg\/","title":{"rendered":"Revita Fe Forest Berries &#8211; 1kg"},"content":{"rendered":"","protected":false},"excerpt":{"rendered":"<ul>\n<li><strong>mo\u0107na kombinacija mati\u010dne mlije\u010di, vitamina C i dvovalentnog kelatnog \u017eeljeza<\/strong> s visokom apsorpcijom (do 80%)<\/li>\n<li>preporu\u010duje se svima koji imaju nedostatak \u017eeljeza u organizmu<\/li>\n<li><strong>dvovalentno \u017eeljezo<\/strong> &#8211; \u017eeljezo bez nuspojava<\/li>\n<li><strong>vitamin C<\/strong> pove\u0107ava apsorpciju \u017eeljeza i pobolj\u0161ava njegovu u\u010dinkovitost<\/li>\n<li><strong>okus aromatiziran prirodnom aromom \u0161umskog vo\u0107a<\/strong><\/li>\n<\/ul>\n","protected":false},"featured_media":9171,"comment_status":"open","ping_status":"closed","template":"","meta":{"_acf_changed":false},"product_brand":[],"product_cat":[54,143,25],"product_tag":[35,134,116,31],"class_list":{"0":"post-4461","1":"product","2":"type-product","3":"status-publish","4":"has-post-thumbnail","6":"product_cat-akcija","7":"product_cat-akcija-30-2","8":"product_cat-pojedinacni-proizvodi","9":"product_tag-1kg","10":"product_tag-akcija-hr","11":"product_tag-revita-fe-forest-berries","12":"product_tag-sumsko-voce","14":"first","15":"instock","16":"sale","17":"shipping-taxable","18":"purchasable","19":"product-type-simple"},"acf":[],"yoast_head":"<!-- This site is optimized with the Yoast SEO plugin v27.4 - https:\/\/yoast.com\/product\/yoast-seo-wordpress\/ -->\n<title>REVITA Fe - dodatak prehrani s mati\u010dnom mlije\u010di i \u017eeljezom<\/title>\n<meta name=\"description\" content=\"Dijetetski proizvod sa mati\u010dnim mle\u010dom, dvovalentnim helatnim gvo\u017e\u0111em, vitaminom C. Posebno preporu\u010deno trudnicama, dojiljama i osobama sa anemijom.\" \/>\n<meta name=\"robots\" content=\"index, follow, max-snippet:-1, max-image-preview:large, max-video-preview:-1\" \/>\n<link rel=\"canonical\" href=\"https:\/\/revitaeu.com\/de\/proizvod\/revita-fe-forest-berries-1kg\/\" \/>\n<meta property=\"og:locale\" content=\"de_DE\" \/>\n<meta property=\"og:type\" content=\"article\" \/>\n<meta property=\"og:title\" content=\"REVITA Fe - dodatak prehrani s mati\u010dnom mlije\u010di i \u017eeljezom\" \/>\n<meta property=\"og:description\" content=\"Dijetetski proizvod sa mati\u010dnim mle\u010dom, dvovalentnim helatnim gvo\u017e\u0111em, vitaminom C. Posebno preporu\u010deno trudnicama, dojiljama i osobama sa anemijom.\" \/>\n<meta property=\"og:url\" content=\"https:\/\/revitaeu.com\/de\/proizvod\/revita-fe-forest-berries-1kg\/\" \/>\n<meta property=\"og:site_name\" content=\"Revita\" \/>\n<meta property=\"article:modified_time\" content=\"2026-04-14T10:54:20+00:00\" \/>\n<meta property=\"og:image\" content=\"https:\/\/revitaeu.com\/wp-content\/uploads\/2025\/09\/Revita-Fe-Forest-Berries-1kg-HR-1000x1000px-032025.png\" \/>\n\t<meta property=\"og:image:width\" content=\"1000\" \/>\n\t<meta property=\"og:image:height\" content=\"1000\" \/>\n\t<meta property=\"og:image:type\" content=\"image\/png\" \/>\n<meta name=\"twitter:card\" content=\"summary_large_image\" \/>\n<meta name=\"twitter:label1\" content=\"Gesch\u00e4tzte Lesezeit\" \/>\n\t<meta name=\"twitter:data1\" content=\"1\u00a0Minute\" \/>\n<script type=\"application\/ld+json\" class=\"yoast-schema-graph\">{\"@context\":\"https:\\\/\\\/schema.org\",\"@graph\":[{\"@type\":\"WebPage\",\"@id\":\"https:\\\/\\\/revitaeu.com\\\/de\\\/proizvod\\\/revita-fe-forest-berries-1kg\\\/\",\"url\":\"https:\\\/\\\/revitaeu.com\\\/de\\\/proizvod\\\/revita-fe-forest-berries-1kg\\\/\",\"name\":\"REVITA Fe - dodatak prehrani s mati\u010dnom mlije\u010di i \u017eeljezom\",\"isPartOf\":{\"@id\":\"https:\\\/\\\/revitaeu.com\\\/de\\\/#website\"},\"primaryImageOfPage\":{\"@id\":\"https:\\\/\\\/revitaeu.com\\\/de\\\/proizvod\\\/revita-fe-forest-berries-1kg\\\/#primaryimage\"},\"image\":{\"@id\":\"https:\\\/\\\/revitaeu.com\\\/de\\\/proizvod\\\/revita-fe-forest-berries-1kg\\\/#primaryimage\"},\"thumbnailUrl\":\"https:\\\/\\\/revitaeu.com\\\/wp-content\\\/uploads\\\/2025\\\/09\\\/Revita-Fe-Forest-Berries-1kg-HR-1000x1000px-032025.png\",\"datePublished\":\"2024-12-25T11:46:58+00:00\",\"dateModified\":\"2026-04-14T10:54:20+00:00\",\"description\":\"Dijetetski proizvod sa mati\u010dnim mle\u010dom, dvovalentnim helatnim gvo\u017e\u0111em, vitaminom C. Posebno preporu\u010deno trudnicama, dojiljama i osobama sa anemijom.\",\"breadcrumb\":{\"@id\":\"https:\\\/\\\/revitaeu.com\\\/de\\\/proizvod\\\/revita-fe-forest-berries-1kg\\\/#breadcrumb\"},\"inLanguage\":\"de\",\"potentialAction\":[{\"@type\":\"ReadAction\",\"target\":[\"https:\\\/\\\/revitaeu.com\\\/de\\\/proizvod\\\/revita-fe-forest-berries-1kg\\\/\"]}]},{\"@type\":\"ImageObject\",\"inLanguage\":\"de\",\"@id\":\"https:\\\/\\\/revitaeu.com\\\/de\\\/proizvod\\\/revita-fe-forest-berries-1kg\\\/#primaryimage\",\"url\":\"https:\\\/\\\/revitaeu.com\\\/wp-content\\\/uploads\\\/2025\\\/09\\\/Revita-Fe-Forest-Berries-1kg-HR-1000x1000px-032025.png\",\"contentUrl\":\"https:\\\/\\\/revitaeu.com\\\/wp-content\\\/uploads\\\/2025\\\/09\\\/Revita-Fe-Forest-Berries-1kg-HR-1000x1000px-032025.png\",\"width\":1000,\"height\":1000},{\"@type\":\"BreadcrumbList\",\"@id\":\"https:\\\/\\\/revitaeu.com\\\/de\\\/proizvod\\\/revita-fe-forest-berries-1kg\\\/#breadcrumb\",\"itemListElement\":[{\"@type\":\"ListItem\",\"position\":1,\"name\":\"Home\",\"item\":\"https:\\\/\\\/revitaeu.com\\\/de\\\/\"},{\"@type\":\"ListItem\",\"position\":2,\"name\":\"Shop\",\"item\":\"https:\\\/\\\/revitaeu.com\\\/de\\\/shop\\\/\"},{\"@type\":\"ListItem\",\"position\":3,\"name\":\"Revita Fe Forest Berries &#8211; 1kg\"}]},{\"@type\":\"WebSite\",\"@id\":\"https:\\\/\\\/revitaeu.com\\\/de\\\/#website\",\"url\":\"https:\\\/\\\/revitaeu.com\\\/de\\\/\",\"name\":\"Revita\",\"description\":\"\",\"potentialAction\":[{\"@type\":\"SearchAction\",\"target\":{\"@type\":\"EntryPoint\",\"urlTemplate\":\"https:\\\/\\\/revitaeu.com\\\/de\\\/?s={search_term_string}\"},\"query-input\":{\"@type\":\"PropertyValueSpecification\",\"valueRequired\":true,\"valueName\":\"search_term_string\"}}],\"inLanguage\":\"de\"}]}<\/script>\n<!-- \/ Yoast SEO plugin. -->","yoast_head_json":{"title":"REVITA Fe - dodatak prehrani s mati\u010dnom mlije\u010di i \u017eeljezom","description":"Dijetetski proizvod sa mati\u010dnim mle\u010dom, dvovalentnim helatnim gvo\u017e\u0111em, vitaminom C. Posebno preporu\u010deno trudnicama, dojiljama i osobama sa anemijom.","robots":{"index":"index","follow":"follow","max-snippet":"max-snippet:-1","max-image-preview":"max-image-preview:large","max-video-preview":"max-video-preview:-1"},"canonical":"https:\/\/revitaeu.com\/de\/proizvod\/revita-fe-forest-berries-1kg\/","og_locale":"de_DE","og_type":"article","og_title":"REVITA Fe - dodatak prehrani s mati\u010dnom mlije\u010di i \u017eeljezom","og_description":"Dijetetski proizvod sa mati\u010dnim mle\u010dom, dvovalentnim helatnim gvo\u017e\u0111em, vitaminom C. Posebno preporu\u010deno trudnicama, dojiljama i osobama sa anemijom.","og_url":"https:\/\/revitaeu.com\/de\/proizvod\/revita-fe-forest-berries-1kg\/","og_site_name":"Revita","article_modified_time":"2026-04-14T10:54:20+00:00","og_image":[{"width":1000,"height":1000,"url":"https:\/\/revitaeu.com\/wp-content\/uploads\/2025\/09\/Revita-Fe-Forest-Berries-1kg-HR-1000x1000px-032025.png","type":"image\/png"}],"twitter_card":"summary_large_image","twitter_misc":{"Gesch\u00e4tzte Lesezeit":"1\u00a0Minute"},"schema":{"@context":"https:\/\/schema.org","@graph":[{"@type":"WebPage","@id":"https:\/\/revitaeu.com\/de\/proizvod\/revita-fe-forest-berries-1kg\/","url":"https:\/\/revitaeu.com\/de\/proizvod\/revita-fe-forest-berries-1kg\/","name":"REVITA Fe - dodatak prehrani s mati\u010dnom mlije\u010di i \u017eeljezom","isPartOf":{"@id":"https:\/\/revitaeu.com\/de\/#website"},"primaryImageOfPage":{"@id":"https:\/\/revitaeu.com\/de\/proizvod\/revita-fe-forest-berries-1kg\/#primaryimage"},"image":{"@id":"https:\/\/revitaeu.com\/de\/proizvod\/revita-fe-forest-berries-1kg\/#primaryimage"},"thumbnailUrl":"https:\/\/revitaeu.com\/wp-content\/uploads\/2025\/09\/Revita-Fe-Forest-Berries-1kg-HR-1000x1000px-032025.png","datePublished":"2024-12-25T11:46:58+00:00","dateModified":"2026-04-14T10:54:20+00:00","description":"Dijetetski proizvod sa mati\u010dnim mle\u010dom, dvovalentnim helatnim gvo\u017e\u0111em, vitaminom C. Posebno preporu\u010deno trudnicama, dojiljama i osobama sa anemijom.","breadcrumb":{"@id":"https:\/\/revitaeu.com\/de\/proizvod\/revita-fe-forest-berries-1kg\/#breadcrumb"},"inLanguage":"de","potentialAction":[{"@type":"ReadAction","target":["https:\/\/revitaeu.com\/de\/proizvod\/revita-fe-forest-berries-1kg\/"]}]},{"@type":"ImageObject","inLanguage":"de","@id":"https:\/\/revitaeu.com\/de\/proizvod\/revita-fe-forest-berries-1kg\/#primaryimage","url":"https:\/\/revitaeu.com\/wp-content\/uploads\/2025\/09\/Revita-Fe-Forest-Berries-1kg-HR-1000x1000px-032025.png","contentUrl":"https:\/\/revitaeu.com\/wp-content\/uploads\/2025\/09\/Revita-Fe-Forest-Berries-1kg-HR-1000x1000px-032025.png","width":1000,"height":1000},{"@type":"BreadcrumbList","@id":"https:\/\/revitaeu.com\/de\/proizvod\/revita-fe-forest-berries-1kg\/#breadcrumb","itemListElement":[{"@type":"ListItem","position":1,"name":"Home","item":"https:\/\/revitaeu.com\/de\/"},{"@type":"ListItem","position":2,"name":"Shop","item":"https:\/\/revitaeu.com\/de\/shop\/"},{"@type":"ListItem","position":3,"name":"Revita Fe Forest Berries &#8211; 1kg"}]},{"@type":"WebSite","@id":"https:\/\/revitaeu.com\/de\/#website","url":"https:\/\/revitaeu.com\/de\/","name":"Revita","description":"","potentialAction":[{"@type":"SearchAction","target":{"@type":"EntryPoint","urlTemplate":"https:\/\/revitaeu.com\/de\/?s={search_term_string}"},"query-input":{"@type":"PropertyValueSpecification","valueRequired":true,"valueName":"search_term_string"}}],"inLanguage":"de"}]}},"_links":{"self":[{"href":"https:\/\/revitaeu.com\/de\/wp-json\/wp\/v2\/product\/4461","targetHints":{"allow":["GET"]}}],"collection":[{"href":"https:\/\/revitaeu.com\/de\/wp-json\/wp\/v2\/product"}],"about":[{"href":"https:\/\/revitaeu.com\/de\/wp-json\/wp\/v2\/types\/product"}],"replies":[{"embeddable":true,"href":"https:\/\/revitaeu.com\/de\/wp-json\/wp\/v2\/comments?post=4461"}],"wp:featuredmedia":[{"embeddable":true,"href":"https:\/\/revitaeu.com\/de\/wp-json\/wp\/v2\/media\/9171"}],"wp:attachment":[{"href":"https:\/\/revitaeu.com\/de\/wp-json\/wp\/v2\/media?parent=4461"}],"wp:term":[{"taxonomy":"product_brand","embeddable":true,"href":"https:\/\/revitaeu.com\/de\/wp-json\/wp\/v2\/product_brand?post=4461"},{"taxonomy":"product_cat","embeddable":true,"href":"https:\/\/revitaeu.com\/de\/wp-json\/wp\/v2\/product_cat?post=4461"},{"taxonomy":"product_tag","embeddable":true,"href":"https:\/\/revitaeu.com\/de\/wp-json\/wp\/v2\/product_tag?post=4461"}],"curies":[{"name":"wp","href":"https:\/\/api.w.org\/{rel}","templated":true}]}}