{"id":8207,"date":"2025-01-23T14:17:56","date_gmt":"2025-01-23T14:17:56","guid":{"rendered":"https:\/\/revitaeu.com\/?post_type=product&#038;p=8207"},"modified":"2025-09-17T12:13:15","modified_gmt":"2025-09-17T12:13:15","slug":"revita-immuno-kids","status":"publish","type":"product","link":"https:\/\/revitaeu.com\/de\/proizvod\/revita-immuno-kids\/","title":{"rendered":"Revita Immuno Kids"},"content":{"rendered":"","protected":false},"excerpt":{"rendered":"<ul>\n<li><strong>auf Basis des Bienenk\u00f6niginnenfuttersaft<\/strong>, mit Zusatz der ausgew\u00e4hlten Vitamine, Minerale und Di\u00e4tfaser Inulin<\/li>\n<li><strong>f\u00fcr die Immunit\u00e4t und den Antioxidant Schutz f\u00fcr Kinder<\/strong> bis zu 12 Jahren<\/li>\n<li>mit dem angenehmen<strong> Erdbeergeschmack<\/strong><\/li>\n<li><strong>unterst\u00fctzt die normale Funktion des Immunsystems<\/strong> und tr\u00e4gt dem Schutz der Zellen vor oxidativem Stress bei<\/li>\n<li><strong>empfohlener Konsum 1 bis 2 Mal am Tag<\/strong><\/li>\n<\/ul>\n","protected":false},"featured_media":9156,"comment_status":"open","ping_status":"closed","template":"","meta":{"_acf_changed":false},"product_brand":[],"product_cat":[112],"product_tag":[82,129],"class_list":{"0":"post-8207","1":"product","2":"type-product","3":"status-publish","4":"has-post-thumbnail","6":"product_cat-einzelprodukt","7":"product_tag-erdbeere-de","8":"product_tag-revita-immuno-kids-de","10":"first","11":"instock","12":"sale","13":"shipping-taxable","14":"purchasable","15":"product-type-simple"},"acf":[],"yoast_head":"<!-- This site is optimized with the Yoast SEO plugin v27.4 - https:\/\/yoast.com\/product\/yoast-seo-wordpress\/ -->\n<title>Revita Immuno Kids - Nahrungserg\u00e4nzungsmittel<\/title>\n<meta name=\"description\" content=\"Das Getr\u00e4nk Revita Immuno Kids mit nat\u00fcrlichem Erdbeergeschmack dient der St\u00e4rkung der Immunit\u00e4t und des antioxidativen Schutzes von Kindern im Alter von 3 bis 12 Jahren.\" \/>\n<meta name=\"robots\" content=\"index, follow, max-snippet:-1, max-image-preview:large, max-video-preview:-1\" \/>\n<link rel=\"canonical\" href=\"https:\/\/revitaeu.com\/de\/proizvod\/revita-immuno-kids\/\" \/>\n<meta property=\"og:locale\" content=\"de_DE\" \/>\n<meta property=\"og:type\" content=\"article\" \/>\n<meta property=\"og:title\" content=\"Revita Immuno Kids - Nahrungserg\u00e4nzungsmittel\" \/>\n<meta property=\"og:description\" content=\"Das Getr\u00e4nk Revita Immuno Kids mit nat\u00fcrlichem Erdbeergeschmack dient der St\u00e4rkung der Immunit\u00e4t und des antioxidativen Schutzes von Kindern im Alter von 3 bis 12 Jahren.\" \/>\n<meta property=\"og:url\" content=\"https:\/\/revitaeu.com\/de\/proizvod\/revita-immuno-kids\/\" \/>\n<meta property=\"og:site_name\" content=\"Revita\" \/>\n<meta property=\"article:modified_time\" content=\"2025-09-17T12:13:15+00:00\" \/>\n<meta property=\"og:image\" content=\"https:\/\/revitaeu.com\/wp-content\/uploads\/2024\/12\/Revita-Immuno-Kids-200g-HR-1000x1000px-122024-1.png\" \/>\n\t<meta property=\"og:image:width\" content=\"1000\" \/>\n\t<meta property=\"og:image:height\" content=\"1000\" \/>\n\t<meta property=\"og:image:type\" content=\"image\/png\" \/>\n<meta name=\"twitter:card\" content=\"summary_large_image\" \/>\n<meta name=\"twitter:label1\" content=\"Gesch\u00e4tzte Lesezeit\" \/>\n\t<meta name=\"twitter:data1\" content=\"1\u00a0Minute\" \/>\n<script type=\"application\/ld+json\" class=\"yoast-schema-graph\">{\"@context\":\"https:\\\/\\\/schema.org\",\"@graph\":[{\"@type\":\"WebPage\",\"@id\":\"https:\\\/\\\/revitaeu.com\\\/de\\\/proizvod\\\/revita-immuno-kids\\\/\",\"url\":\"https:\\\/\\\/revitaeu.com\\\/de\\\/proizvod\\\/revita-immuno-kids\\\/\",\"name\":\"Revita Immuno Kids - Nahrungserg\u00e4nzungsmittel\",\"isPartOf\":{\"@id\":\"https:\\\/\\\/revitaeu.com\\\/de\\\/#website\"},\"primaryImageOfPage\":{\"@id\":\"https:\\\/\\\/revitaeu.com\\\/de\\\/proizvod\\\/revita-immuno-kids\\\/#primaryimage\"},\"image\":{\"@id\":\"https:\\\/\\\/revitaeu.com\\\/de\\\/proizvod\\\/revita-immuno-kids\\\/#primaryimage\"},\"thumbnailUrl\":\"https:\\\/\\\/revitaeu.com\\\/wp-content\\\/uploads\\\/2024\\\/12\\\/Revita-Immuno-Kids-200g-HR-1000x1000px-122024-1.png\",\"datePublished\":\"2025-01-23T14:17:56+00:00\",\"dateModified\":\"2025-09-17T12:13:15+00:00\",\"description\":\"Das Getr\u00e4nk Revita Immuno Kids mit nat\u00fcrlichem Erdbeergeschmack dient der St\u00e4rkung der Immunit\u00e4t und des antioxidativen Schutzes von Kindern im Alter von 3 bis 12 Jahren.\",\"breadcrumb\":{\"@id\":\"https:\\\/\\\/revitaeu.com\\\/de\\\/proizvod\\\/revita-immuno-kids\\\/#breadcrumb\"},\"inLanguage\":\"de\",\"potentialAction\":[{\"@type\":\"ReadAction\",\"target\":[\"https:\\\/\\\/revitaeu.com\\\/de\\\/proizvod\\\/revita-immuno-kids\\\/\"]}]},{\"@type\":\"ImageObject\",\"inLanguage\":\"de\",\"@id\":\"https:\\\/\\\/revitaeu.com\\\/de\\\/proizvod\\\/revita-immuno-kids\\\/#primaryimage\",\"url\":\"https:\\\/\\\/revitaeu.com\\\/wp-content\\\/uploads\\\/2024\\\/12\\\/Revita-Immuno-Kids-200g-HR-1000x1000px-122024-1.png\",\"contentUrl\":\"https:\\\/\\\/revitaeu.com\\\/wp-content\\\/uploads\\\/2024\\\/12\\\/Revita-Immuno-Kids-200g-HR-1000x1000px-122024-1.png\",\"width\":1000,\"height\":1000},{\"@type\":\"BreadcrumbList\",\"@id\":\"https:\\\/\\\/revitaeu.com\\\/de\\\/proizvod\\\/revita-immuno-kids\\\/#breadcrumb\",\"itemListElement\":[{\"@type\":\"ListItem\",\"position\":1,\"name\":\"Home\",\"item\":\"https:\\\/\\\/revitaeu.com\\\/de\\\/\"},{\"@type\":\"ListItem\",\"position\":2,\"name\":\"Shop\",\"item\":\"https:\\\/\\\/revitaeu.com\\\/de\\\/shop\\\/\"},{\"@type\":\"ListItem\",\"position\":3,\"name\":\"Revita Immuno Kids\"}]},{\"@type\":\"WebSite\",\"@id\":\"https:\\\/\\\/revitaeu.com\\\/de\\\/#website\",\"url\":\"https:\\\/\\\/revitaeu.com\\\/de\\\/\",\"name\":\"Revita\",\"description\":\"\",\"potentialAction\":[{\"@type\":\"SearchAction\",\"target\":{\"@type\":\"EntryPoint\",\"urlTemplate\":\"https:\\\/\\\/revitaeu.com\\\/de\\\/?s={search_term_string}\"},\"query-input\":{\"@type\":\"PropertyValueSpecification\",\"valueRequired\":true,\"valueName\":\"search_term_string\"}}],\"inLanguage\":\"de\"}]}<\/script>\n<!-- \/ Yoast SEO plugin. -->","yoast_head_json":{"title":"Revita Immuno Kids - Nahrungserg\u00e4nzungsmittel","description":"Das Getr\u00e4nk Revita Immuno Kids mit nat\u00fcrlichem Erdbeergeschmack dient der St\u00e4rkung der Immunit\u00e4t und des antioxidativen Schutzes von Kindern im Alter von 3 bis 12 Jahren.","robots":{"index":"index","follow":"follow","max-snippet":"max-snippet:-1","max-image-preview":"max-image-preview:large","max-video-preview":"max-video-preview:-1"},"canonical":"https:\/\/revitaeu.com\/de\/proizvod\/revita-immuno-kids\/","og_locale":"de_DE","og_type":"article","og_title":"Revita Immuno Kids - Nahrungserg\u00e4nzungsmittel","og_description":"Das Getr\u00e4nk Revita Immuno Kids mit nat\u00fcrlichem Erdbeergeschmack dient der St\u00e4rkung der Immunit\u00e4t und des antioxidativen Schutzes von Kindern im Alter von 3 bis 12 Jahren.","og_url":"https:\/\/revitaeu.com\/de\/proizvod\/revita-immuno-kids\/","og_site_name":"Revita","article_modified_time":"2025-09-17T12:13:15+00:00","og_image":[{"width":1000,"height":1000,"url":"https:\/\/revitaeu.com\/wp-content\/uploads\/2024\/12\/Revita-Immuno-Kids-200g-HR-1000x1000px-122024-1.png","type":"image\/png"}],"twitter_card":"summary_large_image","twitter_misc":{"Gesch\u00e4tzte Lesezeit":"1\u00a0Minute"},"schema":{"@context":"https:\/\/schema.org","@graph":[{"@type":"WebPage","@id":"https:\/\/revitaeu.com\/de\/proizvod\/revita-immuno-kids\/","url":"https:\/\/revitaeu.com\/de\/proizvod\/revita-immuno-kids\/","name":"Revita Immuno Kids - Nahrungserg\u00e4nzungsmittel","isPartOf":{"@id":"https:\/\/revitaeu.com\/de\/#website"},"primaryImageOfPage":{"@id":"https:\/\/revitaeu.com\/de\/proizvod\/revita-immuno-kids\/#primaryimage"},"image":{"@id":"https:\/\/revitaeu.com\/de\/proizvod\/revita-immuno-kids\/#primaryimage"},"thumbnailUrl":"https:\/\/revitaeu.com\/wp-content\/uploads\/2024\/12\/Revita-Immuno-Kids-200g-HR-1000x1000px-122024-1.png","datePublished":"2025-01-23T14:17:56+00:00","dateModified":"2025-09-17T12:13:15+00:00","description":"Das Getr\u00e4nk Revita Immuno Kids mit nat\u00fcrlichem Erdbeergeschmack dient der St\u00e4rkung der Immunit\u00e4t und des antioxidativen Schutzes von Kindern im Alter von 3 bis 12 Jahren.","breadcrumb":{"@id":"https:\/\/revitaeu.com\/de\/proizvod\/revita-immuno-kids\/#breadcrumb"},"inLanguage":"de","potentialAction":[{"@type":"ReadAction","target":["https:\/\/revitaeu.com\/de\/proizvod\/revita-immuno-kids\/"]}]},{"@type":"ImageObject","inLanguage":"de","@id":"https:\/\/revitaeu.com\/de\/proizvod\/revita-immuno-kids\/#primaryimage","url":"https:\/\/revitaeu.com\/wp-content\/uploads\/2024\/12\/Revita-Immuno-Kids-200g-HR-1000x1000px-122024-1.png","contentUrl":"https:\/\/revitaeu.com\/wp-content\/uploads\/2024\/12\/Revita-Immuno-Kids-200g-HR-1000x1000px-122024-1.png","width":1000,"height":1000},{"@type":"BreadcrumbList","@id":"https:\/\/revitaeu.com\/de\/proizvod\/revita-immuno-kids\/#breadcrumb","itemListElement":[{"@type":"ListItem","position":1,"name":"Home","item":"https:\/\/revitaeu.com\/de\/"},{"@type":"ListItem","position":2,"name":"Shop","item":"https:\/\/revitaeu.com\/de\/shop\/"},{"@type":"ListItem","position":3,"name":"Revita Immuno Kids"}]},{"@type":"WebSite","@id":"https:\/\/revitaeu.com\/de\/#website","url":"https:\/\/revitaeu.com\/de\/","name":"Revita","description":"","potentialAction":[{"@type":"SearchAction","target":{"@type":"EntryPoint","urlTemplate":"https:\/\/revitaeu.com\/de\/?s={search_term_string}"},"query-input":{"@type":"PropertyValueSpecification","valueRequired":true,"valueName":"search_term_string"}}],"inLanguage":"de"}]}},"_links":{"self":[{"href":"https:\/\/revitaeu.com\/de\/wp-json\/wp\/v2\/product\/8207","targetHints":{"allow":["GET"]}}],"collection":[{"href":"https:\/\/revitaeu.com\/de\/wp-json\/wp\/v2\/product"}],"about":[{"href":"https:\/\/revitaeu.com\/de\/wp-json\/wp\/v2\/types\/product"}],"replies":[{"embeddable":true,"href":"https:\/\/revitaeu.com\/de\/wp-json\/wp\/v2\/comments?post=8207"}],"wp:featuredmedia":[{"embeddable":true,"href":"https:\/\/revitaeu.com\/de\/wp-json\/wp\/v2\/media\/9156"}],"wp:attachment":[{"href":"https:\/\/revitaeu.com\/de\/wp-json\/wp\/v2\/media?parent=8207"}],"wp:term":[{"taxonomy":"product_brand","embeddable":true,"href":"https:\/\/revitaeu.com\/de\/wp-json\/wp\/v2\/product_brand?post=8207"},{"taxonomy":"product_cat","embeddable":true,"href":"https:\/\/revitaeu.com\/de\/wp-json\/wp\/v2\/product_cat?post=8207"},{"taxonomy":"product_tag","embeddable":true,"href":"https:\/\/revitaeu.com\/de\/wp-json\/wp\/v2\/product_tag?post=8207"}],"curies":[{"name":"wp","href":"https:\/\/api.w.org\/{rel}","templated":true}]}}