{"id":6322,"date":"2024-02-19T08:47:00","date_gmt":"2024-02-19T08:47:00","guid":{"rendered":"https:\/\/revitaeu.com\/kontakt\/"},"modified":"2025-01-23T23:02:42","modified_gmt":"2025-01-23T23:02:42","slug":"kontakt","status":"publish","type":"page","link":"https:\/\/revitaeu.com\/sl\/kontakt\/","title":{"rendered":"Kontakt"},"content":{"rendered":"\t\t<div data-elementor-type=\"wp-page\" data-elementor-id=\"6322\" class=\"elementor elementor-6322 elementor-31\" wpc-filter-elementor-widget=\"1\" data-elementor-post-type=\"page\">\n\t\t\t\t<div class=\"elementor-element elementor-element-fed6097 e-con-full globalContainer elementor-hidden-desktop elementor-hidden-tablet elementor-hidden-mobile e-flex e-con e-parent\" data-id=\"fed6097\" data-element_type=\"container\" data-e-type=\"container\">\n\t\t\t\t<div class=\"elementor-element elementor-element-f9ea309 elementor-align-left elementor-widget elementor-widget-woolentor-breadcrumbs-addons\" data-id=\"f9ea309\" data-element_type=\"widget\" data-e-type=\"widget\" data-widget_type=\"woolentor-breadcrumbs-addons.default\">\n\t\t\t\t<div class=\"elementor-widget-container\">\n\t\t\t\t\t<div class=\"woolentor-breadcrumb\"><nav class=\"woocommerce-breadcrumb\">Domov<\/nav><\/div>\t\t\t\t<\/div>\n\t\t\t\t<\/div>\n\t\t\t\t<\/div>\n\t\t<div class=\"elementor-element elementor-element-00032b3 e-flex e-con-boxed e-con e-parent\" data-id=\"00032b3\" data-element_type=\"container\" data-e-type=\"container\">\n\t\t\t\t\t<div class=\"e-con-inner\">\n\t\t\t\t<div class=\"elementor-element elementor-element-79bb662 elementor-invisible elementor-widget elementor-widget-heading\" data-id=\"79bb662\" data-element_type=\"widget\" data-e-type=\"widget\" data-settings=\"{&quot;_animation&quot;:&quot;bounceIn&quot;}\" data-widget_type=\"heading.default\">\n\t\t\t\t<div class=\"elementor-widget-container\">\n\t\t\t\t\t<h2 class=\"elementor-heading-title elementor-size-default\">Kontaktirajte nas<\/h2>\t\t\t\t<\/div>\n\t\t\t\t<\/div>\n\t\t\t\t\t<\/div>\n\t\t\t\t<\/div>\n\t\t<div class=\"elementor-element elementor-element-f264de1 e-flex e-con-boxed e-con e-parent\" data-id=\"f264de1\" data-element_type=\"container\" data-e-type=\"container\">\n\t\t\t\t\t<div class=\"e-con-inner\">\n\t\t<div class=\"elementor-element elementor-element-7a83215 e-con-full e-flex e-con e-child\" data-id=\"7a83215\" data-element_type=\"container\" data-e-type=\"container\">\n\t\t\t\t<div class=\"elementor-element elementor-element-5421f46 contactLInks elementor-widget elementor-widget-text-editor\" data-id=\"5421f46\" data-element_type=\"widget\" data-e-type=\"widget\" data-widget_type=\"text-editor.default\">\n\t\t\t\t<div class=\"elementor-widget-container\">\n\t\t\t\t\t\t\t\t\t<p>\u010ce imate kakr\u0161na koli vpra\u0161anja, skrbi ali \u017eelite dodatne informacije, nas kontaktirajte.<\/p>\t\t\t\t\t\t\t\t<\/div>\n\t\t\t\t<\/div>\n\t\t<div class=\"elementor-element elementor-element-6467004 e-con-full e-flex e-con e-child\" data-id=\"6467004\" data-element_type=\"container\" data-e-type=\"container\">\n\t\t\t\t<div class=\"elementor-element elementor-element-34bef9d elementor-widget__width-initial elementor-widget elementor-widget-image\" data-id=\"34bef9d\" data-element_type=\"widget\" data-e-type=\"widget\" data-widget_type=\"image.default\">\n\t\t\t\t<div class=\"elementor-widget-container\">\n\t\t\t\t\t\t\t\t\t\t\t\t\t\t\t<img decoding=\"async\" width=\"32\" height=\"32\" src=\"https:\/\/revitaeu.com\/wp-content\/uploads\/2024\/02\/marker-2.png\" class=\"attachment-large size-large wp-image-4576\" alt=\"\" \/>\t\t\t\t\t\t\t\t\t\t\t\t\t\t\t<\/div>\n\t\t\t\t<\/div>\n\t\t\t\t<div class=\"elementor-element elementor-element-3df3ead contactLInks elementor-widget elementor-widget-text-editor\" data-id=\"3df3ead\" data-element_type=\"widget\" data-e-type=\"widget\" data-widget_type=\"text-editor.default\">\n\t\t\t\t<div class=\"elementor-widget-container\">\n\t\t\t\t\t\t\t\t\t<p><strong>Sede\u017e:<\/strong> Revita Plus, Prilaz baruna Filipovi\u0107a 23A, 10000 Zagreb, Republika Hrvatska<\/p>\t\t\t\t\t\t\t\t<\/div>\n\t\t\t\t<\/div>\n\t\t\t\t<\/div>\n\t\t<div class=\"elementor-element elementor-element-8ec0937 e-con-full e-flex e-con e-child\" data-id=\"8ec0937\" data-element_type=\"container\" data-e-type=\"container\">\n\t\t\t\t<div class=\"elementor-element elementor-element-76d3c75 elementor-widget__width-initial elementor-widget elementor-widget-image\" data-id=\"76d3c75\" data-element_type=\"widget\" data-e-type=\"widget\" data-widget_type=\"image.default\">\n\t\t\t\t<div class=\"elementor-widget-container\">\n\t\t\t\t\t\t\t\t\t\t\t\t\t\t\t<img decoding=\"async\" width=\"32\" height=\"32\" src=\"https:\/\/revitaeu.com\/wp-content\/uploads\/2024\/02\/at-3.png\" class=\"attachment-large size-large wp-image-4582\" alt=\"\" \/>\t\t\t\t\t\t\t\t\t\t\t\t\t\t\t<\/div>\n\t\t\t\t<\/div>\n\t\t\t\t<div class=\"elementor-element elementor-element-5c53174 contactLInks elementor-widget elementor-widget-text-editor\" data-id=\"5c53174\" data-element_type=\"widget\" data-e-type=\"widget\" data-widget_type=\"text-editor.default\">\n\t\t\t\t<div class=\"elementor-widget-container\">\n\t\t\t\t\t\t\t\t\t<p><a href=\"mailto:info@revitaeu.com\">info@revitaeu.com<\/a><\/p>\t\t\t\t\t\t\t\t<\/div>\n\t\t\t\t<\/div>\n\t\t\t\t<\/div>\n\t\t\t\t<\/div>\n\t\t<div class=\"elementor-element elementor-element-3adb60d e-con-full e-flex e-con e-child\" data-id=\"3adb60d\" data-element_type=\"container\" data-e-type=\"container\">\n\t\t\t\t<div class=\"elementor-element elementor-element-82fe056 contactForm elementor-widget elementor-widget-shortcode\" data-id=\"82fe056\" data-element_type=\"widget\" data-e-type=\"widget\" data-widget_type=\"shortcode.default\">\n\t\t\t\t<div class=\"elementor-widget-container\">\n\t\t\t\t\t\t\t<div class=\"elementor-shortcode\"><style id=\"wpforms-css-vars-250\">\n\t\t\t\t#wpforms-250 {\n\t\t\t\t\n\t\t\t}\n\t\t\t<\/style><div class=\"wpforms-container wpforms-container-full wpforms-render-modern\" id=\"wpforms-250\"><form id=\"wpforms-form-250\" class=\"wpforms-validate wpforms-form wpforms-ajax-form\" data-formid=\"250\" method=\"post\" enctype=\"multipart\/form-data\" action=\"\/sl\/wp-json\/wp\/v2\/pages\/6322\" data-token=\"bee6cdf3a11979ccf4a952c7985b9619\" data-token-time=\"1776380714\"><noscript class=\"wpforms-error-noscript\">Please enable JavaScript in your browser to complete this form.<\/noscript><div id=\"wpforms-error-noscript\" style=\"display: none;\">Please enable JavaScript in your browser to complete this form.<\/div><div class=\"wpforms-field-container\"><div id=\"wpforms-250-field_2-container\" class=\"wpforms-field wpforms-field-name wpforms-one-half wpforms-first\" data-field-id=\"2\"><label class=\"wpforms-field-label wpforms-label-hide\" for=\"wpforms-250-field_2\" aria-hidden=\"false\">Ime in priimek <span class=\"wpforms-required-label\" aria-hidden=\"true\">*<\/span><\/label><input type=\"text\" id=\"wpforms-250-field_2\" class=\"wpforms-field-large wpforms-field-required\" name=\"wpforms[fields][2]\" placeholder=\"Ime in priimek\" aria-errormessage=\"wpforms-250-field_2-error\" required><\/div><div id=\"wpforms-250-field_3-container\" class=\"wpforms-field wpforms-field-email wpforms-one-half\" data-field-id=\"3\"><label class=\"wpforms-field-label wpforms-label-hide\" for=\"wpforms-250-field_3\" aria-hidden=\"false\">Email <span class=\"wpforms-required-label\" aria-hidden=\"true\">*<\/span><\/label><input type=\"email\" id=\"wpforms-250-field_3\" class=\"wpforms-field-large wpforms-field-required\" name=\"wpforms[fields][3]\" placeholder=\"Email\" spellcheck=\"false\" aria-errormessage=\"wpforms-250-field_3-error\" required><\/div><div id=\"wpforms-250-field_4-container\" class=\"wpforms-field wpforms-field-number wpforms-one-half wpforms-first\" data-field-id=\"4\"><label class=\"wpforms-field-label wpforms-label-hide\" for=\"wpforms-250-field_4\" aria-hidden=\"false\">Telefonska \u0161tevilka<\/label><input type=\"number\" id=\"wpforms-250-field_4\" class=\"wpforms-field-large\" name=\"wpforms[fields][4]\" placeholder=\"Telefonska \u0161tevilka\" step=\"any\" aria-errormessage=\"wpforms-250-field_4-error\" ><\/div><div id=\"wpforms-250-field_5-container\" class=\"wpforms-field wpforms-field-text wpforms-one-half\" data-field-id=\"5\"><label class=\"wpforms-field-label wpforms-label-hide\" for=\"wpforms-250-field_5\" aria-hidden=\"false\">Predmet<\/label><input type=\"text\" id=\"wpforms-250-field_5\" class=\"wpforms-field-large\" name=\"wpforms[fields][5]\" placeholder=\"Predmet\" aria-errormessage=\"wpforms-250-field_5-error\" ><\/div><div id=\"wpforms-250-field_6-container\" class=\"wpforms-field wpforms-field-textarea\" data-field-id=\"6\"><label class=\"wpforms-field-label wpforms-label-hide\" for=\"wpforms-250-field_6\" aria-hidden=\"false\">Sporo\u010dilo<\/label><textarea id=\"wpforms-250-field_6\" class=\"wpforms-field-medium\" name=\"wpforms[fields][6]\" placeholder=\"Sporo\u010dilo\" aria-errormessage=\"wpforms-250-field_6-error\" ><\/textarea><\/div><\/div><!-- .wpforms-field-container --><div class=\"wpforms-submit-container\" ><input type=\"hidden\" name=\"wpforms[id]\" value=\"250\"><input type=\"hidden\" name=\"page_title\" value=\"\"><input type=\"hidden\" name=\"page_url\" value=\"https:\/\/revitaeu.com\/sl\/wp-json\/wp\/v2\/pages\/6322\"><input type=\"hidden\" name=\"url_referer\" value=\"\"><button type=\"submit\" name=\"wpforms[submit]\" id=\"wpforms-submit-250\" class=\"wpforms-submit\" data-alt-text=\"Slanje...\" data-submit-text=\"Po\u0161lji\" aria-live=\"assertive\" value=\"wpforms-submit\">Po\u0161lji<\/button><img decoding=\"async\" src=\"https:\/\/revitaeu.com\/wp-content\/plugins\/wpforms-lite\/assets\/images\/submit-spin.svg\" class=\"wpforms-submit-spinner\" style=\"display: none;\" width=\"26\" height=\"26\" alt=\"Loading\"><\/div><\/form><\/div>  <!-- .wpforms-container --><\/div>\n\t\t\t\t\t\t<\/div>\n\t\t\t\t<\/div>\n\t\t<div class=\"elementor-element elementor-element-f9052af e-con-full e-flex e-con e-child\" data-id=\"f9052af\" data-element_type=\"container\" data-e-type=\"container\">\n\t\t\t\t<div class=\"elementor-element elementor-element-bdbcc46 elementor-absolute elementor-widget elementor-widget-image\" data-id=\"bdbcc46\" data-element_type=\"widget\" data-e-type=\"widget\" data-settings=\"{&quot;_position&quot;:&quot;absolute&quot;}\" data-widget_type=\"image.default\">\n\t\t\t\t<div class=\"elementor-widget-container\">\n\t\t\t\t\t\t\t\t\t\t\t\t\t\t\t<img loading=\"lazy\" decoding=\"async\" width=\"300\" height=\"215\" src=\"https:\/\/revitaeu.com\/wp-content\/uploads\/2024\/02\/bees6c-2.png\" class=\"attachment-large size-large wp-image-4594\" alt=\"\" \/>\t\t\t\t\t\t\t\t\t\t\t\t\t\t\t<\/div>\n\t\t\t\t<\/div>\n\t\t\t\t<\/div>\n\t\t\t\t<\/div>\n\t\t\t\t\t<\/div>\n\t\t\t\t<\/div>\n\t\t\t\t<\/div>\n\t\t","protected":false},"excerpt":{"rendered":"<p>Po\u010detna Kontaktirajte nas \u010ce imate kakr\u0161na koli vpra\u0161anja, skrbi ali \u017eelite dodatne informacije, nas kontaktirajte. Sede\u017e: Revita Plus, Prilaz baruna Filipovi\u0107a 23A, 10000 Zagreb, Republika Hrvatska info@revitaeu.com<\/p>\n","protected":false},"author":1,"featured_media":0,"parent":0,"menu_order":0,"comment_status":"closed","ping_status":"closed","template":"elementor_header_footer","meta":{"_acf_changed":false,"footnotes":""},"class_list":["post-6322","page","type-page","status-publish","hentry"],"acf":[],"yoast_head":"<!-- This site is optimized with the Yoast SEO plugin v27.4 - https:\/\/yoast.com\/product\/yoast-seo-wordpress\/ -->\n<title>Revita - Kontaktirajte nas<\/title>\n<meta name=\"description\" content=\"Ukoliko trebate informacije o na\u0161im dodacima prehrani ili imate dodatnih pitanja, slobodno nas kontaktirajte.\" \/>\n<meta name=\"robots\" content=\"index, follow, max-snippet:-1, max-image-preview:large, max-video-preview:-1\" \/>\n<link rel=\"canonical\" href=\"https:\/\/revitaeu.com\/sl\/kontakt\/\" \/>\n<meta property=\"og:locale\" content=\"sl_SI\" \/>\n<meta property=\"og:type\" content=\"article\" \/>\n<meta property=\"og:title\" content=\"Revita - Kontaktirajte nas\" \/>\n<meta property=\"og:description\" content=\"Ukoliko trebate informacije o na\u0161im dodacima prehrani ili imate dodatnih pitanja, slobodno nas kontaktirajte.\" \/>\n<meta property=\"og:url\" content=\"https:\/\/revitaeu.com\/sl\/kontakt\/\" \/>\n<meta property=\"og:site_name\" content=\"Revita\" \/>\n<meta property=\"article:modified_time\" content=\"2025-01-23T23:02:42+00:00\" \/>\n<meta property=\"og:image\" content=\"https:\/\/revitaeu.com\/wp-content\/uploads\/2024\/02\/marker-2.png\" \/>\n\t<meta property=\"og:image:width\" content=\"32\" \/>\n\t<meta property=\"og:image:height\" content=\"32\" \/>\n\t<meta property=\"og:image:type\" content=\"image\/png\" \/>\n<meta name=\"twitter:card\" content=\"summary_large_image\" \/>\n<meta name=\"twitter:label1\" content=\"Est. reading time\" \/>\n\t<meta name=\"twitter:data1\" content=\"1 minuta\" \/>\n<script type=\"application\/ld+json\" class=\"yoast-schema-graph\">{\"@context\":\"https:\\\/\\\/schema.org\",\"@graph\":[{\"@type\":\"WebPage\",\"@id\":\"https:\\\/\\\/revitaeu.com\\\/sl\\\/kontakt\\\/\",\"url\":\"https:\\\/\\\/revitaeu.com\\\/sl\\\/kontakt\\\/\",\"name\":\"Revita - Kontaktirajte nas\",\"isPartOf\":{\"@id\":\"https:\\\/\\\/revitaeu.com\\\/sl\\\/#website\"},\"primaryImageOfPage\":{\"@id\":\"https:\\\/\\\/revitaeu.com\\\/sl\\\/kontakt\\\/#primaryimage\"},\"image\":{\"@id\":\"https:\\\/\\\/revitaeu.com\\\/sl\\\/kontakt\\\/#primaryimage\"},\"thumbnailUrl\":\"https:\\\/\\\/revitaeu.com\\\/wp-content\\\/uploads\\\/2024\\\/02\\\/marker-2.png\",\"datePublished\":\"2024-02-19T08:47:00+00:00\",\"dateModified\":\"2025-01-23T23:02:42+00:00\",\"description\":\"Ukoliko trebate informacije o na\u0161im dodacima prehrani ili imate dodatnih pitanja, slobodno nas kontaktirajte.\",\"breadcrumb\":{\"@id\":\"https:\\\/\\\/revitaeu.com\\\/sl\\\/kontakt\\\/#breadcrumb\"},\"inLanguage\":\"sl-SI\",\"potentialAction\":[{\"@type\":\"ReadAction\",\"target\":[\"https:\\\/\\\/revitaeu.com\\\/sl\\\/kontakt\\\/\"]}]},{\"@type\":\"ImageObject\",\"inLanguage\":\"sl-SI\",\"@id\":\"https:\\\/\\\/revitaeu.com\\\/sl\\\/kontakt\\\/#primaryimage\",\"url\":\"https:\\\/\\\/revitaeu.com\\\/wp-content\\\/uploads\\\/2024\\\/02\\\/marker-2.png\",\"contentUrl\":\"https:\\\/\\\/revitaeu.com\\\/wp-content\\\/uploads\\\/2024\\\/02\\\/marker-2.png\"},{\"@type\":\"BreadcrumbList\",\"@id\":\"https:\\\/\\\/revitaeu.com\\\/sl\\\/kontakt\\\/#breadcrumb\",\"itemListElement\":[{\"@type\":\"ListItem\",\"position\":1,\"name\":\"Home\",\"item\":\"https:\\\/\\\/revitaeu.com\\\/sl\\\/\"},{\"@type\":\"ListItem\",\"position\":2,\"name\":\"Kontakt\"}]},{\"@type\":\"WebSite\",\"@id\":\"https:\\\/\\\/revitaeu.com\\\/sl\\\/#website\",\"url\":\"https:\\\/\\\/revitaeu.com\\\/sl\\\/\",\"name\":\"Revita\",\"description\":\"\",\"potentialAction\":[{\"@type\":\"SearchAction\",\"target\":{\"@type\":\"EntryPoint\",\"urlTemplate\":\"https:\\\/\\\/revitaeu.com\\\/sl\\\/?s={search_term_string}\"},\"query-input\":{\"@type\":\"PropertyValueSpecification\",\"valueRequired\":true,\"valueName\":\"search_term_string\"}}],\"inLanguage\":\"sl-SI\"}]}<\/script>\n<!-- \/ Yoast SEO plugin. -->","yoast_head_json":{"title":"Revita - Kontaktirajte nas","description":"Ukoliko trebate informacije o na\u0161im dodacima prehrani ili imate dodatnih pitanja, slobodno nas kontaktirajte.","robots":{"index":"index","follow":"follow","max-snippet":"max-snippet:-1","max-image-preview":"max-image-preview:large","max-video-preview":"max-video-preview:-1"},"canonical":"https:\/\/revitaeu.com\/sl\/kontakt\/","og_locale":"sl_SI","og_type":"article","og_title":"Revita - Kontaktirajte nas","og_description":"Ukoliko trebate informacije o na\u0161im dodacima prehrani ili imate dodatnih pitanja, slobodno nas kontaktirajte.","og_url":"https:\/\/revitaeu.com\/sl\/kontakt\/","og_site_name":"Revita","article_modified_time":"2025-01-23T23:02:42+00:00","og_image":[{"width":32,"height":32,"url":"https:\/\/revitaeu.com\/wp-content\/uploads\/2024\/02\/marker-2.png","type":"image\/png"}],"twitter_card":"summary_large_image","twitter_misc":{"Est. reading time":"1 minuta"},"schema":{"@context":"https:\/\/schema.org","@graph":[{"@type":"WebPage","@id":"https:\/\/revitaeu.com\/sl\/kontakt\/","url":"https:\/\/revitaeu.com\/sl\/kontakt\/","name":"Revita - Kontaktirajte nas","isPartOf":{"@id":"https:\/\/revitaeu.com\/sl\/#website"},"primaryImageOfPage":{"@id":"https:\/\/revitaeu.com\/sl\/kontakt\/#primaryimage"},"image":{"@id":"https:\/\/revitaeu.com\/sl\/kontakt\/#primaryimage"},"thumbnailUrl":"https:\/\/revitaeu.com\/wp-content\/uploads\/2024\/02\/marker-2.png","datePublished":"2024-02-19T08:47:00+00:00","dateModified":"2025-01-23T23:02:42+00:00","description":"Ukoliko trebate informacije o na\u0161im dodacima prehrani ili imate dodatnih pitanja, slobodno nas kontaktirajte.","breadcrumb":{"@id":"https:\/\/revitaeu.com\/sl\/kontakt\/#breadcrumb"},"inLanguage":"sl-SI","potentialAction":[{"@type":"ReadAction","target":["https:\/\/revitaeu.com\/sl\/kontakt\/"]}]},{"@type":"ImageObject","inLanguage":"sl-SI","@id":"https:\/\/revitaeu.com\/sl\/kontakt\/#primaryimage","url":"https:\/\/revitaeu.com\/wp-content\/uploads\/2024\/02\/marker-2.png","contentUrl":"https:\/\/revitaeu.com\/wp-content\/uploads\/2024\/02\/marker-2.png"},{"@type":"BreadcrumbList","@id":"https:\/\/revitaeu.com\/sl\/kontakt\/#breadcrumb","itemListElement":[{"@type":"ListItem","position":1,"name":"Home","item":"https:\/\/revitaeu.com\/sl\/"},{"@type":"ListItem","position":2,"name":"Kontakt"}]},{"@type":"WebSite","@id":"https:\/\/revitaeu.com\/sl\/#website","url":"https:\/\/revitaeu.com\/sl\/","name":"Revita","description":"","potentialAction":[{"@type":"SearchAction","target":{"@type":"EntryPoint","urlTemplate":"https:\/\/revitaeu.com\/sl\/?s={search_term_string}"},"query-input":{"@type":"PropertyValueSpecification","valueRequired":true,"valueName":"search_term_string"}}],"inLanguage":"sl-SI"}]}},"_links":{"self":[{"href":"https:\/\/revitaeu.com\/sl\/wp-json\/wp\/v2\/pages\/6322","targetHints":{"allow":["GET"]}}],"collection":[{"href":"https:\/\/revitaeu.com\/sl\/wp-json\/wp\/v2\/pages"}],"about":[{"href":"https:\/\/revitaeu.com\/sl\/wp-json\/wp\/v2\/types\/page"}],"author":[{"embeddable":true,"href":"https:\/\/revitaeu.com\/sl\/wp-json\/wp\/v2\/users\/1"}],"replies":[{"embeddable":true,"href":"https:\/\/revitaeu.com\/sl\/wp-json\/wp\/v2\/comments?post=6322"}],"version-history":[{"count":26,"href":"https:\/\/revitaeu.com\/sl\/wp-json\/wp\/v2\/pages\/6322\/revisions"}],"predecessor-version":[{"id":8252,"href":"https:\/\/revitaeu.com\/sl\/wp-json\/wp\/v2\/pages\/6322\/revisions\/8252"}],"wp:attachment":[{"href":"https:\/\/revitaeu.com\/sl\/wp-json\/wp\/v2\/media?parent=6322"}],"curies":[{"name":"wp","href":"https:\/\/api.w.org\/{rel}","templated":true}]}}