{"id":6328,"date":"2024-02-19T08:46:08","date_gmt":"2024-02-19T08:46:08","guid":{"rendered":"https:\/\/revitaeu.com\/maticna-mlijec\/"},"modified":"2025-03-11T08:15:48","modified_gmt":"2025-03-11T08:15:48","slug":"maticni-mlecek","status":"publish","type":"page","link":"https:\/\/revitaeu.com\/sl\/maticni-mlecek\/","title":{"rendered":"Mati\u010dni mle\u010dek"},"content":{"rendered":"\t\t<div data-elementor-type=\"wp-page\" data-elementor-id=\"6328\" class=\"elementor elementor-6328 elementor-24\" wpc-filter-elementor-widget=\"1\" data-elementor-post-type=\"page\">\n\t\t\t\t<div class=\"elementor-element elementor-element-a609783 e-con-full maticniHoney elementor-hidden-desktop elementor-hidden-tablet elementor-hidden-mobile e-flex e-con e-parent\" data-id=\"a609783\" data-element_type=\"container\" data-e-type=\"container\">\n\t\t\t\t<div class=\"elementor-element elementor-element-19ded74 elementor-widget elementor-widget-image\" data-id=\"19ded74\" data-element_type=\"widget\" data-e-type=\"widget\" data-widget_type=\"image.default\">\n\t\t\t\t<div class=\"elementor-widget-container\">\n\t\t\t\t\t\t\t\t\t\t\t\t\t\t\t<img fetchpriority=\"high\" decoding=\"async\" width=\"1428\" height=\"824\" src=\"https:\/\/revitaeu.com\/wp-content\/uploads\/2024\/05\/Rectangle-35-min.png\" class=\"attachment-full size-full wp-image-5260\" alt=\"\" srcset=\"https:\/\/revitaeu.com\/wp-content\/uploads\/2024\/05\/Rectangle-35-min.png 1428w, https:\/\/revitaeu.com\/wp-content\/uploads\/2024\/05\/Rectangle-35-min-300x173.png 300w, https:\/\/revitaeu.com\/wp-content\/uploads\/2024\/05\/Rectangle-35-min-1024x591.png 1024w, https:\/\/revitaeu.com\/wp-content\/uploads\/2024\/05\/Rectangle-35-min-768x443.png 768w, https:\/\/revitaeu.com\/wp-content\/uploads\/2024\/05\/Rectangle-35-min-600x346.png 600w\" sizes=\"(max-width: 1428px) 100vw, 1428px\" \/>\t\t\t\t\t\t\t\t\t\t\t\t\t\t\t<\/div>\n\t\t\t\t<\/div>\n\t\t\t\t<\/div>\n\t\t<div class=\"elementor-element elementor-element-ee45b0f e-con-full globalContainer maticni-mlecek e-flex e-con e-parent\" data-id=\"ee45b0f\" data-element_type=\"container\" data-e-type=\"container\" id=\"maticniBaner\" data-settings=\"{&quot;background_background&quot;:&quot;classic&quot;}\">\n\t\t\t\t<div class=\"elementor-element elementor-element-8e87684 maticniHoney maticni-mlecek-img elementor-widget elementor-widget-image\" data-id=\"8e87684\" data-element_type=\"widget\" data-e-type=\"widget\" data-widget_type=\"image.default\">\n\t\t\t\t<div class=\"elementor-widget-container\">\n\t\t\t\t\t\t\t\t\t\t\t\t\t\t\t<img decoding=\"async\" width=\"1920\" height=\"866\" src=\"https:\/\/revitaeu.com\/wp-content\/uploads\/2024\/05\/Rectangle-35-min-1.png\" class=\"attachment-full size-full wp-image-5266\" alt=\"\" srcset=\"https:\/\/revitaeu.com\/wp-content\/uploads\/2024\/05\/Rectangle-35-min-1.png 1920w, https:\/\/revitaeu.com\/wp-content\/uploads\/2024\/05\/Rectangle-35-min-1-300x135.png 300w, https:\/\/revitaeu.com\/wp-content\/uploads\/2024\/05\/Rectangle-35-min-1-1024x462.png 1024w, https:\/\/revitaeu.com\/wp-content\/uploads\/2024\/05\/Rectangle-35-min-1-768x346.png 768w, https:\/\/revitaeu.com\/wp-content\/uploads\/2024\/05\/Rectangle-35-min-1-1536x693.png 1536w, https:\/\/revitaeu.com\/wp-content\/uploads\/2024\/05\/Rectangle-35-min-1-600x271.png 600w\" sizes=\"(max-width: 1920px) 100vw, 1920px\" \/>\t\t\t\t\t\t\t\t\t\t\t\t\t\t\t<\/div>\n\t\t\t\t<\/div>\n\t\t<div class=\"elementor-element elementor-element-aefb31d e-con-full e-flex e-con e-child\" data-id=\"aefb31d\" data-element_type=\"container\" data-e-type=\"container\">\n\t\t<div class=\"elementor-element elementor-element-110512a e-con-full e-flex e-con e-child\" data-id=\"110512a\" data-element_type=\"container\" data-e-type=\"container\">\n\t\t\t\t<div class=\"elementor-element elementor-element-016a67d elementor-widget elementor-widget-heading\" data-id=\"016a67d\" data-element_type=\"widget\" data-e-type=\"widget\" data-widget_type=\"heading.default\">\n\t\t\t\t<div class=\"elementor-widget-container\">\n\t\t\t\t\t<h2 class=\"elementor-heading-title elementor-size-default\">MAGIJA MATI\u010cNEGA MLE\u010cKA<\/h2>\t\t\t\t<\/div>\n\t\t\t\t<\/div>\n\t\t\t\t<div class=\"elementor-element elementor-element-8c69eb0 elementor-widget__width-inherit elementor-widget elementor-widget-text-editor\" data-id=\"8c69eb0\" data-element_type=\"widget\" data-e-type=\"widget\" data-widget_type=\"text-editor.default\">\n\t\t\t\t<div class=\"elementor-widget-container\">\n\t\t\t\t\t\t\t\t\t<p>\u010clovek \u017ee od vekomaj uporablja \u010debelje proizvode v razli\u010dne namene, ti darovi narave pa imajo poseben pomen za prevenco in vzdr\u017eevanje zdravja, vitalnosti in dolgove\u010dnosti \u010dlove\u0161kega organizma. Mati\u010dni mle\u010dek je naravni \u010debelji proizvod, eden od \u0161estih, poleg medu, propolisa, cvetnega prahu, voska in \u010debelnjega strupa. Vsebuje ve\u010d spojin, ki so zelo pomembne za pravilno funkcioniranje \u010dlovekovega organizma in naravna opora za imuniteto. Ta edinstveni naravni izdelek vsebuje: me\u0161anico aminokislin, vitamine (predvsem B kompleksa), lipide, ma\u0161\u010dobne kisline, ogljikove hidrate, encime, mineralne snovi.<\/p>\t\t\t\t\t\t\t\t<\/div>\n\t\t\t\t<\/div>\n\t\t\t\t<\/div>\n\t\t<div class=\"elementor-element elementor-element-f81a4e5 e-con-full elementor-hidden-tablet elementor-hidden-mobile e-flex e-con e-child\" data-id=\"f81a4e5\" data-element_type=\"container\" data-e-type=\"container\">\n\t\t\t\t<div class=\"elementor-element elementor-element-8dad089 elementor-widget elementor-widget-image\" data-id=\"8dad089\" data-element_type=\"widget\" data-e-type=\"widget\" data-widget_type=\"image.default\">\n\t\t\t\t<div class=\"elementor-widget-container\">\n\t\t\t\t\t\t\t\t\t\t\t\t\t\t\t<img decoding=\"async\" width=\"199\" height=\"190\" src=\"https:\/\/revitaeu.com\/wp-content\/uploads\/2024\/05\/Layer_1-1.png\" class=\"attachment-large size-large wp-image-5254\" alt=\"\" \/>\t\t\t\t\t\t\t\t\t\t\t\t\t\t\t<\/div>\n\t\t\t\t<\/div>\n\t\t\t\t<\/div>\n\t\t\t\t<\/div>\n\t\t\t\t<\/div>\n\t\t<div class=\"elementor-element elementor-element-b6ca754 e-con-full globalContainer mlecek-image-wrapper elementor-hidden-tablet elementor-hidden-mobile e-flex e-con e-parent\" data-id=\"b6ca754\" data-element_type=\"container\" data-e-type=\"container\">\n\t\t\t\t<div class=\"elementor-element elementor-element-9981eec elementor-widget elementor-widget-image\" data-id=\"9981eec\" data-element_type=\"widget\" data-e-type=\"widget\" data-widget_type=\"image.default\">\n\t\t\t\t<div class=\"elementor-widget-container\">\n\t\t\t\t\t\t\t\t\t\t\t\t\t\t\t<img loading=\"lazy\" decoding=\"async\" width=\"2719\" height=\"1796\" src=\"https:\/\/revitaeu.com\/wp-content\/uploads\/2024\/12\/Revita-EU-sl-22.png\" class=\"attachment-full size-full wp-image-6994\" alt=\"\" srcset=\"https:\/\/revitaeu.com\/wp-content\/uploads\/2024\/12\/Revita-EU-sl-22.png 2719w, https:\/\/revitaeu.com\/wp-content\/uploads\/2024\/12\/Revita-EU-sl-22-300x198.png 300w, https:\/\/revitaeu.com\/wp-content\/uploads\/2024\/12\/Revita-EU-sl-22-1024x676.png 1024w, https:\/\/revitaeu.com\/wp-content\/uploads\/2024\/12\/Revita-EU-sl-22-768x507.png 768w, https:\/\/revitaeu.com\/wp-content\/uploads\/2024\/12\/Revita-EU-sl-22-1536x1015.png 1536w, https:\/\/revitaeu.com\/wp-content\/uploads\/2024\/12\/Revita-EU-sl-22-2048x1353.png 2048w, https:\/\/revitaeu.com\/wp-content\/uploads\/2024\/12\/Revita-EU-sl-22-600x396.png 600w\" sizes=\"(max-width: 2719px) 100vw, 2719px\" \/>\t\t\t\t\t\t\t\t\t\t\t\t\t\t\t<\/div>\n\t\t\t\t<\/div>\n\t\t\t\t<\/div>\n\t\t<div class=\"elementor-element elementor-element-ffae89c e-con-full globalContainer  elementor-hidden-desktop e-flex e-con e-parent\" data-id=\"ffae89c\" data-element_type=\"container\" data-e-type=\"container\">\n\t\t\t\t<div class=\"elementor-element elementor-element-696147e elementor-widget elementor-widget-image\" data-id=\"696147e\" data-element_type=\"widget\" data-e-type=\"widget\" data-widget_type=\"image.default\">\n\t\t\t\t<div class=\"elementor-widget-container\">\n\t\t\t\t\t\t\t\t\t\t\t\t\t\t\t<img loading=\"lazy\" decoding=\"async\" width=\"1172\" height=\"1289\" src=\"https:\/\/revitaeu.com\/wp-content\/uploads\/2024\/12\/Revita-EU-sl-MaticniMlecMOB.png\" class=\"attachment-full size-full wp-image-6998\" alt=\"\" srcset=\"https:\/\/revitaeu.com\/wp-content\/uploads\/2024\/12\/Revita-EU-sl-MaticniMlecMOB.png 1172w, https:\/\/revitaeu.com\/wp-content\/uploads\/2024\/12\/Revita-EU-sl-MaticniMlecMOB-273x300.png 273w, https:\/\/revitaeu.com\/wp-content\/uploads\/2024\/12\/Revita-EU-sl-MaticniMlecMOB-931x1024.png 931w, https:\/\/revitaeu.com\/wp-content\/uploads\/2024\/12\/Revita-EU-sl-MaticniMlecMOB-768x845.png 768w, https:\/\/revitaeu.com\/wp-content\/uploads\/2024\/12\/Revita-EU-sl-MaticniMlecMOB-600x660.png 600w\" sizes=\"(max-width: 1172px) 100vw, 1172px\" \/>\t\t\t\t\t\t\t\t\t\t\t\t\t\t\t<\/div>\n\t\t\t\t<\/div>\n\t\t\t\t<\/div>\n\t\t<div class=\"elementor-element elementor-element-07c12ff e-flex e-con-boxed e-con e-parent\" data-id=\"07c12ff\" data-element_type=\"container\" data-e-type=\"container\">\n\t\t\t\t\t<div class=\"e-con-inner\">\n\t\t\t\t<div class=\"elementor-element elementor-element-8a71e02 elementor-widget elementor-widget-heading\" data-id=\"8a71e02\" data-element_type=\"widget\" data-e-type=\"widget\" data-settings=\"{&quot;_animation&quot;:&quot;none&quot;}\" data-widget_type=\"heading.default\">\n\t\t\t\t<div class=\"elementor-widget-container\">\n\t\t\t\t\t<h2 class=\"elementor-heading-title elementor-size-default\"><span style=\"color: #FCC627\">MATI\u010cNI MLE\u010cEK<\/span>  \u2013 Super Hrana<\/h2>\t\t\t\t<\/div>\n\t\t\t\t<\/div>\n\t\t\t\t\t<\/div>\n\t\t\t\t<\/div>\n\t\t<div class=\"elementor-element elementor-element-0293c64 e-flex e-con-boxed e-con e-parent\" data-id=\"0293c64\" data-element_type=\"container\" data-e-type=\"container\" data-settings=\"{&quot;animation&quot;:&quot;none&quot;}\">\n\t\t\t\t\t<div class=\"e-con-inner\">\n\t\t<div class=\"elementor-element elementor-element-d4bde6b e-con-full e-flex e-con e-child\" data-id=\"d4bde6b\" data-element_type=\"container\" data-e-type=\"container\">\n\t\t\t\t<div class=\"elementor-element elementor-element-e9221f1 elementor-widget__width-initial elementor-widget-tablet__width-inherit elementor-widget elementor-widget-text-editor\" data-id=\"e9221f1\" data-element_type=\"widget\" data-e-type=\"widget\" data-widget_type=\"text-editor.default\">\n\t\t\t\t<div class=\"elementor-widget-container\">\n\t\t\t\t\t\t\t\t\t<p>Mati\u010dni mle\u010dek je eno najbolj zdravih \u017eivil naravnega porekla na svetu in ga ni mogo\u010de pridobiti na umetni na\u010din. Proizvajajo ga mlade \u010debele delavke, iz cvetnega nektarja in drugih snovi zbranih iz narave, ter se uporablja za prehrano matice in njenih li\u010dink.\u00a0<\/p><p>Namre\u010d, vse li\u010dinke v panju se v prvih treh dneh razvoja hranijo z mle\u010dkom, tako da je mle\u010dek, na dolo\u010den na\u010din pandan materinemu mleku pri sesalcih. Po tem obdobju se samo ena li\u010dinka \u0161e naprej hrani izklju\u010dno z mati\u010dnim mle\u010dkom in iz te li\u010dinke se izvali matica, kraljica vseh \u010debel. Mati\u010dni mle\u010dek je po njej tudi poimenovan.\u00a0<\/p><p>Mati\u010dni mle\u010dek je edina hrana, katero matica u\u017eiva tekom svojega \u017eivljenja, in se verjame, da zahvaljujo\u010d njemu \u017eivi tudi petdesetkrat dlje, kot povpre\u010dna \u010debela-delavka (najpogosteje 5-6 let), in ves \u010das zagotavlja funkcioniranje in obstoj \u010debelnjaka. Poleg tega je matica tudi dva do tri krat te\u017eja in ve\u010dja od drugih \u010debel, in je najbolj produktivno bitje na planetu: zmore znesti celo do 3.000 jaj\u010dec v enem dnevu.\u00a0\u00a0<\/p>\t\t\t\t\t\t\t\t<\/div>\n\t\t\t\t<\/div>\n\t\t\t\t<div class=\"elementor-element elementor-element-7b423fb elementor-widget__width-initial elementor-widget-tablet__width-inherit elementor-widget elementor-widget-text-editor\" data-id=\"7b423fb\" data-element_type=\"widget\" data-e-type=\"widget\" data-widget_type=\"text-editor.default\">\n\t\t\t\t<div class=\"elementor-widget-container\">\n\t\t\t\t\t\t\t\t\t<p>Neko\u010d so si mati\u010dni mle\u010dek lahko privo\u0161\u010dili samo najbolj bogati (zato nas ne presene\u010da, da se v angle\u0161\u010dini mati\u010dni mle\u010dek imenuje Royal Jelly). Mle\u010dek so uprabili takoj, ko so ga vzeli iz \u010debelnjaka, saj ta visoko kakovostna, toda krhka tvar, izgubi svoje lastnosti \u017ee po nekaj dneh. Ljudje so dolgo sku\u0161ali najti na\u010din, kako bi ohranili lastnosti mle\u010dka, da bi omogo\u010dili polni u\u010dinek \u0161tevilnih bioaktivnih snovi. In kon\u010dno je to omogo\u010dil proces liofilizacije.\u00a0<\/p><p>\u00a0<\/p><p>Na ta na\u010din se mati\u010dnemu mle\u010dku podalj\u0161a bioaktivnost, od okoli 48 ur na dobri dve leti! Kaj se dogaja med tem postopkom: mle\u010dek se zamrzne na ekstremno nizkih temperaturah, na katerih ne zgubi ni\u010d od svojih lastnosti, in iz njega za\u010dne hlapeti voda, ter se na ta na\u010din iz bele snovi, ki je malo bolj gosta kot mleko, pridobi prah \u2013 liofilizirani mati\u010dni mle\u010dek, ki je osnova vseh Revita izdelkov.<\/p>\t\t\t\t\t\t\t\t<\/div>\n\t\t\t\t<\/div>\n\t\t\t\t<\/div>\n\t\t\t\t\t<\/div>\n\t\t\t\t<\/div>\n\t\t<div class=\"elementor-element elementor-element-90fa759 e-flex e-con-boxed e-con e-parent\" data-id=\"90fa759\" data-element_type=\"container\" data-e-type=\"container\">\n\t\t\t\t\t<div class=\"e-con-inner\">\n\t\t\t\t<div class=\"elementor-element elementor-element-1e58712 elementor-widget elementor-widget-button\" data-id=\"1e58712\" data-element_type=\"widget\" data-e-type=\"widget\" data-widget_type=\"button.default\">\n\t\t\t\t<div class=\"elementor-widget-container\">\n\t\t\t\t\t\t\t\t\t<div class=\"elementor-button-wrapper\">\n\t\t\t\t\t<a class=\"elementor-button elementor-button-link elementor-size-sm\" href=\"https:\/\/revitaeu.com\/sl\/shop\">\n\t\t\t\t\t\t<span class=\"elementor-button-content-wrapper\">\n\t\t\t\t\t\t<span class=\"elementor-button-icon\">\n\t\t\t\t<svg aria-hidden=\"true\" class=\"e-font-icon-svg e-fas-arrow-right\" viewBox=\"0 0 448 512\" xmlns=\"http:\/\/www.w3.org\/2000\/svg\"><path d=\"M190.5 66.9l22.2-22.2c9.4-9.4 24.6-9.4 33.9 0L441 239c9.4 9.4 9.4 24.6 0 33.9L246.6 467.3c-9.4 9.4-24.6 9.4-33.9 0l-22.2-22.2c-9.5-9.5-9.3-25 .4-34.3L311.4 296H24c-13.3 0-24-10.7-24-24v-32c0-13.3 10.7-24 24-24h287.4L190.9 101.2c-9.8-9.3-10-24.8-.4-34.3z\"><\/path><\/svg>\t\t\t<\/span>\n\t\t\t\t\t\t\t\t\t<span class=\"elementor-button-text\">OGLEJTE SI CELOTNO PONUDBO<\/span>\n\t\t\t\t\t<\/span>\n\t\t\t\t\t<\/a>\n\t\t\t\t<\/div>\n\t\t\t\t\t\t\t\t<\/div>\n\t\t\t\t<\/div>\n\t\t\t\t\t<\/div>\n\t\t\t\t<\/div>\n\t\t\t\t<\/div>\n\t\t","protected":false},"excerpt":{"rendered":"<p>MAGIJA MATI\u010cNEGA MLE\u010cKA \u010clovek \u017ee od vekomaj uporablja \u010debelje proizvode v razli\u010dne namene, ti darovi narave pa imajo poseben pomen za prevenco in vzdr\u017eevanje zdravja, vitalnosti in dolgove\u010dnosti \u010dlove\u0161kega organizma. Mati\u010dni mle\u010dek je naravni \u010debelji proizvod, eden od \u0161estih, poleg medu, propolisa, cvetnega prahu, voska in \u010debelnjega strupa. Vsebuje ve\u010d spojin, ki so zelo pomembne [&hellip;]<\/p>\n","protected":false},"author":1,"featured_media":0,"parent":0,"menu_order":0,"comment_status":"closed","ping_status":"closed","template":"elementor_header_footer","meta":{"_acf_changed":false,"footnotes":""},"class_list":["post-6328","page","type-page","status-publish","hentry"],"acf":[],"yoast_head":"<!-- This site is optimized with the Yoast SEO plugin v27.4 - https:\/\/yoast.com\/product\/yoast-seo-wordpress\/ -->\n<title>Mati\u010dni mle\u010dek - Naravno \u017eivilo za mo\u010dno imunost<\/title>\n<meta name=\"description\" content=\"Mati\u010dni mle\u010dek je edina hrana na svetu, ki je ni mogo\u010de umetno pridelati. Krepi imunski sistem, pove\u010duje odpornost proti oku\u017ebam, \u0161\u010diti srce in o\u017eilje.\" \/>\n<meta name=\"robots\" content=\"index, follow, max-snippet:-1, max-image-preview:large, max-video-preview:-1\" \/>\n<link rel=\"canonical\" href=\"https:\/\/revitaeu.com\/sl\/maticni-mlecek\/\" \/>\n<meta property=\"og:locale\" content=\"sl_SI\" \/>\n<meta property=\"og:type\" content=\"article\" \/>\n<meta property=\"og:title\" content=\"Mati\u010dni mle\u010dek - Naravno \u017eivilo za mo\u010dno imunost\" \/>\n<meta property=\"og:description\" content=\"Mati\u010dni mle\u010dek je edina hrana na svetu, ki je ni mogo\u010de umetno pridelati. Krepi imunski sistem, pove\u010duje odpornost proti oku\u017ebam, \u0161\u010diti srce in o\u017eilje.\" \/>\n<meta property=\"og:url\" content=\"https:\/\/revitaeu.com\/sl\/maticni-mlecek\/\" \/>\n<meta property=\"og:site_name\" content=\"Revita\" \/>\n<meta property=\"article:modified_time\" content=\"2025-03-11T08:15:48+00:00\" \/>\n<meta property=\"og:image\" content=\"https:\/\/revitaeu.com\/wp-content\/uploads\/2024\/05\/Rectangle-35-min.png\" \/>\n\t<meta property=\"og:image:width\" content=\"1428\" \/>\n\t<meta property=\"og:image:height\" content=\"824\" \/>\n\t<meta property=\"og:image:type\" content=\"image\/png\" \/>\n<meta name=\"twitter:card\" content=\"summary_large_image\" \/>\n<meta name=\"twitter:label1\" content=\"Est. reading time\" \/>\n\t<meta name=\"twitter:data1\" content=\"4 minute\" \/>\n<script type=\"application\/ld+json\" class=\"yoast-schema-graph\">{\"@context\":\"https:\\\/\\\/schema.org\",\"@graph\":[{\"@type\":\"WebPage\",\"@id\":\"https:\\\/\\\/revitaeu.com\\\/sl\\\/maticni-mlecek\\\/\",\"url\":\"https:\\\/\\\/revitaeu.com\\\/sl\\\/maticni-mlecek\\\/\",\"name\":\"Mati\u010dni mle\u010dek - Naravno \u017eivilo za mo\u010dno imunost\",\"isPartOf\":{\"@id\":\"https:\\\/\\\/revitaeu.com\\\/sl\\\/#website\"},\"primaryImageOfPage\":{\"@id\":\"https:\\\/\\\/revitaeu.com\\\/sl\\\/maticni-mlecek\\\/#primaryimage\"},\"image\":{\"@id\":\"https:\\\/\\\/revitaeu.com\\\/sl\\\/maticni-mlecek\\\/#primaryimage\"},\"thumbnailUrl\":\"https:\\\/\\\/revitaeu.com\\\/wp-content\\\/uploads\\\/2024\\\/05\\\/Rectangle-35-min.png\",\"datePublished\":\"2024-02-19T08:46:08+00:00\",\"dateModified\":\"2025-03-11T08:15:48+00:00\",\"description\":\"Mati\u010dni mle\u010dek je edina hrana na svetu, ki je ni mogo\u010de umetno pridelati. Krepi imunski sistem, pove\u010duje odpornost proti oku\u017ebam, \u0161\u010diti srce in o\u017eilje.\",\"breadcrumb\":{\"@id\":\"https:\\\/\\\/revitaeu.com\\\/sl\\\/maticni-mlecek\\\/#breadcrumb\"},\"inLanguage\":\"sl-SI\",\"potentialAction\":[{\"@type\":\"ReadAction\",\"target\":[\"https:\\\/\\\/revitaeu.com\\\/sl\\\/maticni-mlecek\\\/\"]}]},{\"@type\":\"ImageObject\",\"inLanguage\":\"sl-SI\",\"@id\":\"https:\\\/\\\/revitaeu.com\\\/sl\\\/maticni-mlecek\\\/#primaryimage\",\"url\":\"https:\\\/\\\/revitaeu.com\\\/wp-content\\\/uploads\\\/2024\\\/05\\\/Rectangle-35-min.png\",\"contentUrl\":\"https:\\\/\\\/revitaeu.com\\\/wp-content\\\/uploads\\\/2024\\\/05\\\/Rectangle-35-min.png\"},{\"@type\":\"BreadcrumbList\",\"@id\":\"https:\\\/\\\/revitaeu.com\\\/sl\\\/maticni-mlecek\\\/#breadcrumb\",\"itemListElement\":[{\"@type\":\"ListItem\",\"position\":1,\"name\":\"Home\",\"item\":\"https:\\\/\\\/revitaeu.com\\\/sl\\\/\"},{\"@type\":\"ListItem\",\"position\":2,\"name\":\"Mati\u010dni mle\u010dek\"}]},{\"@type\":\"WebSite\",\"@id\":\"https:\\\/\\\/revitaeu.com\\\/sl\\\/#website\",\"url\":\"https:\\\/\\\/revitaeu.com\\\/sl\\\/\",\"name\":\"Revita\",\"description\":\"\",\"potentialAction\":[{\"@type\":\"SearchAction\",\"target\":{\"@type\":\"EntryPoint\",\"urlTemplate\":\"https:\\\/\\\/revitaeu.com\\\/sl\\\/?s={search_term_string}\"},\"query-input\":{\"@type\":\"PropertyValueSpecification\",\"valueRequired\":true,\"valueName\":\"search_term_string\"}}],\"inLanguage\":\"sl-SI\"}]}<\/script>\n<!-- \/ Yoast SEO plugin. -->","yoast_head_json":{"title":"Mati\u010dni mle\u010dek - Naravno \u017eivilo za mo\u010dno imunost","description":"Mati\u010dni mle\u010dek je edina hrana na svetu, ki je ni mogo\u010de umetno pridelati. Krepi imunski sistem, pove\u010duje odpornost proti oku\u017ebam, \u0161\u010diti srce in o\u017eilje.","robots":{"index":"index","follow":"follow","max-snippet":"max-snippet:-1","max-image-preview":"max-image-preview:large","max-video-preview":"max-video-preview:-1"},"canonical":"https:\/\/revitaeu.com\/sl\/maticni-mlecek\/","og_locale":"sl_SI","og_type":"article","og_title":"Mati\u010dni mle\u010dek - Naravno \u017eivilo za mo\u010dno imunost","og_description":"Mati\u010dni mle\u010dek je edina hrana na svetu, ki je ni mogo\u010de umetno pridelati. Krepi imunski sistem, pove\u010duje odpornost proti oku\u017ebam, \u0161\u010diti srce in o\u017eilje.","og_url":"https:\/\/revitaeu.com\/sl\/maticni-mlecek\/","og_site_name":"Revita","article_modified_time":"2025-03-11T08:15:48+00:00","og_image":[{"width":1428,"height":824,"url":"https:\/\/revitaeu.com\/wp-content\/uploads\/2024\/05\/Rectangle-35-min.png","type":"image\/png"}],"twitter_card":"summary_large_image","twitter_misc":{"Est. reading time":"4 minute"},"schema":{"@context":"https:\/\/schema.org","@graph":[{"@type":"WebPage","@id":"https:\/\/revitaeu.com\/sl\/maticni-mlecek\/","url":"https:\/\/revitaeu.com\/sl\/maticni-mlecek\/","name":"Mati\u010dni mle\u010dek - Naravno \u017eivilo za mo\u010dno imunost","isPartOf":{"@id":"https:\/\/revitaeu.com\/sl\/#website"},"primaryImageOfPage":{"@id":"https:\/\/revitaeu.com\/sl\/maticni-mlecek\/#primaryimage"},"image":{"@id":"https:\/\/revitaeu.com\/sl\/maticni-mlecek\/#primaryimage"},"thumbnailUrl":"https:\/\/revitaeu.com\/wp-content\/uploads\/2024\/05\/Rectangle-35-min.png","datePublished":"2024-02-19T08:46:08+00:00","dateModified":"2025-03-11T08:15:48+00:00","description":"Mati\u010dni mle\u010dek je edina hrana na svetu, ki je ni mogo\u010de umetno pridelati. Krepi imunski sistem, pove\u010duje odpornost proti oku\u017ebam, \u0161\u010diti srce in o\u017eilje.","breadcrumb":{"@id":"https:\/\/revitaeu.com\/sl\/maticni-mlecek\/#breadcrumb"},"inLanguage":"sl-SI","potentialAction":[{"@type":"ReadAction","target":["https:\/\/revitaeu.com\/sl\/maticni-mlecek\/"]}]},{"@type":"ImageObject","inLanguage":"sl-SI","@id":"https:\/\/revitaeu.com\/sl\/maticni-mlecek\/#primaryimage","url":"https:\/\/revitaeu.com\/wp-content\/uploads\/2024\/05\/Rectangle-35-min.png","contentUrl":"https:\/\/revitaeu.com\/wp-content\/uploads\/2024\/05\/Rectangle-35-min.png"},{"@type":"BreadcrumbList","@id":"https:\/\/revitaeu.com\/sl\/maticni-mlecek\/#breadcrumb","itemListElement":[{"@type":"ListItem","position":1,"name":"Home","item":"https:\/\/revitaeu.com\/sl\/"},{"@type":"ListItem","position":2,"name":"Mati\u010dni mle\u010dek"}]},{"@type":"WebSite","@id":"https:\/\/revitaeu.com\/sl\/#website","url":"https:\/\/revitaeu.com\/sl\/","name":"Revita","description":"","potentialAction":[{"@type":"SearchAction","target":{"@type":"EntryPoint","urlTemplate":"https:\/\/revitaeu.com\/sl\/?s={search_term_string}"},"query-input":{"@type":"PropertyValueSpecification","valueRequired":true,"valueName":"search_term_string"}}],"inLanguage":"sl-SI"}]}},"_links":{"self":[{"href":"https:\/\/revitaeu.com\/sl\/wp-json\/wp\/v2\/pages\/6328","targetHints":{"allow":["GET"]}}],"collection":[{"href":"https:\/\/revitaeu.com\/sl\/wp-json\/wp\/v2\/pages"}],"about":[{"href":"https:\/\/revitaeu.com\/sl\/wp-json\/wp\/v2\/types\/page"}],"author":[{"embeddable":true,"href":"https:\/\/revitaeu.com\/sl\/wp-json\/wp\/v2\/users\/1"}],"replies":[{"embeddable":true,"href":"https:\/\/revitaeu.com\/sl\/wp-json\/wp\/v2\/comments?post=6328"}],"version-history":[{"count":49,"href":"https:\/\/revitaeu.com\/sl\/wp-json\/wp\/v2\/pages\/6328\/revisions"}],"predecessor-version":[{"id":8816,"href":"https:\/\/revitaeu.com\/sl\/wp-json\/wp\/v2\/pages\/6328\/revisions\/8816"}],"wp:attachment":[{"href":"https:\/\/revitaeu.com\/sl\/wp-json\/wp\/v2\/media?parent=6328"}],"curies":[{"name":"wp","href":"https:\/\/api.w.org\/{rel}","templated":true}]}}