{"id":8213,"date":"2025-01-23T14:49:39","date_gmt":"2025-01-23T14:49:39","guid":{"rendered":"https:\/\/revitaeu.com\/?post_type=product&#038;p=8213"},"modified":"2025-09-17T09:55:59","modified_gmt":"2025-09-17T09:55:59","slug":"revita-fe-forest-berries-1kg","status":"publish","type":"product","link":"https:\/\/revitaeu.com\/sl\/proizvod\/revita-fe-forest-berries-1kg\/","title":{"rendered":"Revita Fe Forest Berries &#8211; 1kg"},"content":{"rendered":"","protected":false},"excerpt":{"rendered":"<p>\u2022 aktivne sestavine: <strong>mati\u010dni mle\u010dek, vitamin C in \u017eelezo<\/strong><br \/>\n\u2022 priporo\u010da se vsem, ki imajo te\u017eave s pomanjkanjem \u017eeleza v organizmu<br \/>\n\u2022<strong> prijetnega okusa gozdnih sade\u017eev<\/strong>, ne povzro\u010da slabosti ali okusa po \u017eelezu v ustih<br \/>\n\u2022 <strong>dodatek vitamina C<\/strong>, ki pripomore k bolj\u0161i absorpciji \u017eeleza<br \/>\n\u2022<strong> priporo\u010dena konzumacija od 1 do 2 kozarcev napitka na dan<\/strong>, odvisno od potreb organizma in starosti<\/p>\n","protected":false},"featured_media":9174,"comment_status":"open","ping_status":"closed","template":"","meta":{"_acf_changed":false},"product_brand":[],"product_cat":[113],"product_tag":[101,93,121],"class_list":{"0":"post-8213","1":"product","2":"type-product","3":"status-publish","4":"has-post-thumbnail","6":"product_cat-en-izdelek","7":"product_tag-1kg-sl","8":"product_tag-gozdni-sadezi-sl","9":"product_tag-revita-fe-forest-berries-sl","11":"first","12":"instock","13":"sale","14":"shipping-taxable","15":"purchasable","16":"product-type-simple"},"acf":[],"yoast_head":"<!-- This site is optimized with the Yoast SEO plugin v27.4 - https:\/\/yoast.com\/product\/yoast-seo-wordpress\/ -->\n<title>REVITA Fe - Prehransko dopolnilo z mati\u010dnim mle\u010dkom in \u017eelezom<\/title>\n<meta name=\"description\" content=\"Dietni izdelek z mati\u010dnim mle\u010dkom, dvovalentnim kelatiranim \u017eelezom, vitaminom C. \u0160e posebej priporo\u010dljivo za nose\u010dnice, doje\u010de matere in slabokrvne osebe.\" \/>\n<meta name=\"robots\" content=\"index, follow, max-snippet:-1, max-image-preview:large, max-video-preview:-1\" \/>\n<link rel=\"canonical\" href=\"https:\/\/revitaeu.com\/sl\/proizvod\/revita-fe-forest-berries-1kg\/\" \/>\n<meta property=\"og:locale\" content=\"sl_SI\" \/>\n<meta property=\"og:type\" content=\"article\" \/>\n<meta property=\"og:title\" content=\"REVITA Fe - Prehransko dopolnilo z mati\u010dnim mle\u010dkom in \u017eelezom\" \/>\n<meta property=\"og:description\" content=\"Dietni izdelek z mati\u010dnim mle\u010dkom, dvovalentnim kelatiranim \u017eelezom, vitaminom C. \u0160e posebej priporo\u010dljivo za nose\u010dnice, doje\u010de matere in slabokrvne osebe.\" \/>\n<meta property=\"og:url\" content=\"https:\/\/revitaeu.com\/sl\/proizvod\/revita-fe-forest-berries-1kg\/\" \/>\n<meta property=\"og:site_name\" content=\"Revita\" \/>\n<meta property=\"article:modified_time\" content=\"2025-09-17T09:55:59+00:00\" \/>\n<meta property=\"og:image\" content=\"https:\/\/revitaeu.com\/wp-content\/uploads\/2025\/09\/Revita-Fe-Forest-Berries-1kg-HR-1000x1000px-032025.png\" \/>\n\t<meta property=\"og:image:width\" content=\"1000\" \/>\n\t<meta property=\"og:image:height\" content=\"1000\" \/>\n\t<meta property=\"og:image:type\" content=\"image\/png\" \/>\n<meta name=\"twitter:card\" content=\"summary_large_image\" \/>\n<meta name=\"twitter:label1\" content=\"Est. reading time\" \/>\n\t<meta name=\"twitter:data1\" content=\"1 minuta\" \/>\n<script type=\"application\/ld+json\" class=\"yoast-schema-graph\">{\"@context\":\"https:\\\/\\\/schema.org\",\"@graph\":[{\"@type\":\"WebPage\",\"@id\":\"https:\\\/\\\/revitaeu.com\\\/sl\\\/proizvod\\\/revita-fe-forest-berries-1kg\\\/\",\"url\":\"https:\\\/\\\/revitaeu.com\\\/sl\\\/proizvod\\\/revita-fe-forest-berries-1kg\\\/\",\"name\":\"REVITA Fe - Prehransko dopolnilo z mati\u010dnim mle\u010dkom in \u017eelezom\",\"isPartOf\":{\"@id\":\"https:\\\/\\\/revitaeu.com\\\/sl\\\/#website\"},\"primaryImageOfPage\":{\"@id\":\"https:\\\/\\\/revitaeu.com\\\/sl\\\/proizvod\\\/revita-fe-forest-berries-1kg\\\/#primaryimage\"},\"image\":{\"@id\":\"https:\\\/\\\/revitaeu.com\\\/sl\\\/proizvod\\\/revita-fe-forest-berries-1kg\\\/#primaryimage\"},\"thumbnailUrl\":\"https:\\\/\\\/revitaeu.com\\\/wp-content\\\/uploads\\\/2025\\\/09\\\/Revita-Fe-Forest-Berries-1kg-HR-1000x1000px-032025.png\",\"datePublished\":\"2025-01-23T14:49:39+00:00\",\"dateModified\":\"2025-09-17T09:55:59+00:00\",\"description\":\"Dietni izdelek z mati\u010dnim mle\u010dkom, dvovalentnim kelatiranim \u017eelezom, vitaminom C. \u0160e posebej priporo\u010dljivo za nose\u010dnice, doje\u010de matere in slabokrvne osebe.\",\"breadcrumb\":{\"@id\":\"https:\\\/\\\/revitaeu.com\\\/sl\\\/proizvod\\\/revita-fe-forest-berries-1kg\\\/#breadcrumb\"},\"inLanguage\":\"sl-SI\",\"potentialAction\":[{\"@type\":\"ReadAction\",\"target\":[\"https:\\\/\\\/revitaeu.com\\\/sl\\\/proizvod\\\/revita-fe-forest-berries-1kg\\\/\"]}]},{\"@type\":\"ImageObject\",\"inLanguage\":\"sl-SI\",\"@id\":\"https:\\\/\\\/revitaeu.com\\\/sl\\\/proizvod\\\/revita-fe-forest-berries-1kg\\\/#primaryimage\",\"url\":\"https:\\\/\\\/revitaeu.com\\\/wp-content\\\/uploads\\\/2025\\\/09\\\/Revita-Fe-Forest-Berries-1kg-HR-1000x1000px-032025.png\",\"contentUrl\":\"https:\\\/\\\/revitaeu.com\\\/wp-content\\\/uploads\\\/2025\\\/09\\\/Revita-Fe-Forest-Berries-1kg-HR-1000x1000px-032025.png\",\"width\":1000,\"height\":1000},{\"@type\":\"BreadcrumbList\",\"@id\":\"https:\\\/\\\/revitaeu.com\\\/sl\\\/proizvod\\\/revita-fe-forest-berries-1kg\\\/#breadcrumb\",\"itemListElement\":[{\"@type\":\"ListItem\",\"position\":1,\"name\":\"Home\",\"item\":\"https:\\\/\\\/revitaeu.com\\\/sl\\\/\"},{\"@type\":\"ListItem\",\"position\":2,\"name\":\"Shop\",\"item\":\"https:\\\/\\\/revitaeu.com\\\/sl\\\/shop\\\/\"},{\"@type\":\"ListItem\",\"position\":3,\"name\":\"Revita Fe Forest Berries &#8211; 1kg\"}]},{\"@type\":\"WebSite\",\"@id\":\"https:\\\/\\\/revitaeu.com\\\/sl\\\/#website\",\"url\":\"https:\\\/\\\/revitaeu.com\\\/sl\\\/\",\"name\":\"Revita\",\"description\":\"\",\"potentialAction\":[{\"@type\":\"SearchAction\",\"target\":{\"@type\":\"EntryPoint\",\"urlTemplate\":\"https:\\\/\\\/revitaeu.com\\\/sl\\\/?s={search_term_string}\"},\"query-input\":{\"@type\":\"PropertyValueSpecification\",\"valueRequired\":true,\"valueName\":\"search_term_string\"}}],\"inLanguage\":\"sl-SI\"}]}<\/script>\n<!-- \/ Yoast SEO plugin. -->","yoast_head_json":{"title":"REVITA Fe - Prehransko dopolnilo z mati\u010dnim mle\u010dkom in \u017eelezom","description":"Dietni izdelek z mati\u010dnim mle\u010dkom, dvovalentnim kelatiranim \u017eelezom, vitaminom C. \u0160e posebej priporo\u010dljivo za nose\u010dnice, doje\u010de matere in slabokrvne osebe.","robots":{"index":"index","follow":"follow","max-snippet":"max-snippet:-1","max-image-preview":"max-image-preview:large","max-video-preview":"max-video-preview:-1"},"canonical":"https:\/\/revitaeu.com\/sl\/proizvod\/revita-fe-forest-berries-1kg\/","og_locale":"sl_SI","og_type":"article","og_title":"REVITA Fe - Prehransko dopolnilo z mati\u010dnim mle\u010dkom in \u017eelezom","og_description":"Dietni izdelek z mati\u010dnim mle\u010dkom, dvovalentnim kelatiranim \u017eelezom, vitaminom C. \u0160e posebej priporo\u010dljivo za nose\u010dnice, doje\u010de matere in slabokrvne osebe.","og_url":"https:\/\/revitaeu.com\/sl\/proizvod\/revita-fe-forest-berries-1kg\/","og_site_name":"Revita","article_modified_time":"2025-09-17T09:55:59+00:00","og_image":[{"width":1000,"height":1000,"url":"https:\/\/revitaeu.com\/wp-content\/uploads\/2025\/09\/Revita-Fe-Forest-Berries-1kg-HR-1000x1000px-032025.png","type":"image\/png"}],"twitter_card":"summary_large_image","twitter_misc":{"Est. reading time":"1 minuta"},"schema":{"@context":"https:\/\/schema.org","@graph":[{"@type":"WebPage","@id":"https:\/\/revitaeu.com\/sl\/proizvod\/revita-fe-forest-berries-1kg\/","url":"https:\/\/revitaeu.com\/sl\/proizvod\/revita-fe-forest-berries-1kg\/","name":"REVITA Fe - Prehransko dopolnilo z mati\u010dnim mle\u010dkom in \u017eelezom","isPartOf":{"@id":"https:\/\/revitaeu.com\/sl\/#website"},"primaryImageOfPage":{"@id":"https:\/\/revitaeu.com\/sl\/proizvod\/revita-fe-forest-berries-1kg\/#primaryimage"},"image":{"@id":"https:\/\/revitaeu.com\/sl\/proizvod\/revita-fe-forest-berries-1kg\/#primaryimage"},"thumbnailUrl":"https:\/\/revitaeu.com\/wp-content\/uploads\/2025\/09\/Revita-Fe-Forest-Berries-1kg-HR-1000x1000px-032025.png","datePublished":"2025-01-23T14:49:39+00:00","dateModified":"2025-09-17T09:55:59+00:00","description":"Dietni izdelek z mati\u010dnim mle\u010dkom, dvovalentnim kelatiranim \u017eelezom, vitaminom C. \u0160e posebej priporo\u010dljivo za nose\u010dnice, doje\u010de matere in slabokrvne osebe.","breadcrumb":{"@id":"https:\/\/revitaeu.com\/sl\/proizvod\/revita-fe-forest-berries-1kg\/#breadcrumb"},"inLanguage":"sl-SI","potentialAction":[{"@type":"ReadAction","target":["https:\/\/revitaeu.com\/sl\/proizvod\/revita-fe-forest-berries-1kg\/"]}]},{"@type":"ImageObject","inLanguage":"sl-SI","@id":"https:\/\/revitaeu.com\/sl\/proizvod\/revita-fe-forest-berries-1kg\/#primaryimage","url":"https:\/\/revitaeu.com\/wp-content\/uploads\/2025\/09\/Revita-Fe-Forest-Berries-1kg-HR-1000x1000px-032025.png","contentUrl":"https:\/\/revitaeu.com\/wp-content\/uploads\/2025\/09\/Revita-Fe-Forest-Berries-1kg-HR-1000x1000px-032025.png","width":1000,"height":1000},{"@type":"BreadcrumbList","@id":"https:\/\/revitaeu.com\/sl\/proizvod\/revita-fe-forest-berries-1kg\/#breadcrumb","itemListElement":[{"@type":"ListItem","position":1,"name":"Home","item":"https:\/\/revitaeu.com\/sl\/"},{"@type":"ListItem","position":2,"name":"Shop","item":"https:\/\/revitaeu.com\/sl\/shop\/"},{"@type":"ListItem","position":3,"name":"Revita Fe Forest Berries &#8211; 1kg"}]},{"@type":"WebSite","@id":"https:\/\/revitaeu.com\/sl\/#website","url":"https:\/\/revitaeu.com\/sl\/","name":"Revita","description":"","potentialAction":[{"@type":"SearchAction","target":{"@type":"EntryPoint","urlTemplate":"https:\/\/revitaeu.com\/sl\/?s={search_term_string}"},"query-input":{"@type":"PropertyValueSpecification","valueRequired":true,"valueName":"search_term_string"}}],"inLanguage":"sl-SI"}]}},"_links":{"self":[{"href":"https:\/\/revitaeu.com\/sl\/wp-json\/wp\/v2\/product\/8213","targetHints":{"allow":["GET"]}}],"collection":[{"href":"https:\/\/revitaeu.com\/sl\/wp-json\/wp\/v2\/product"}],"about":[{"href":"https:\/\/revitaeu.com\/sl\/wp-json\/wp\/v2\/types\/product"}],"replies":[{"embeddable":true,"href":"https:\/\/revitaeu.com\/sl\/wp-json\/wp\/v2\/comments?post=8213"}],"wp:featuredmedia":[{"embeddable":true,"href":"https:\/\/revitaeu.com\/sl\/wp-json\/wp\/v2\/media\/9174"}],"wp:attachment":[{"href":"https:\/\/revitaeu.com\/sl\/wp-json\/wp\/v2\/media?parent=8213"}],"wp:term":[{"taxonomy":"product_brand","embeddable":true,"href":"https:\/\/revitaeu.com\/sl\/wp-json\/wp\/v2\/product_brand?post=8213"},{"taxonomy":"product_cat","embeddable":true,"href":"https:\/\/revitaeu.com\/sl\/wp-json\/wp\/v2\/product_cat?post=8213"},{"taxonomy":"product_tag","embeddable":true,"href":"https:\/\/revitaeu.com\/sl\/wp-json\/wp\/v2\/product_tag?post=8213"}],"curies":[{"name":"wp","href":"https:\/\/api.w.org\/{rel}","templated":true}]}}